{"id":469,"date":"2020-07-03T03:30:05","date_gmt":"2020-07-03T03:30:05","guid":{"rendered":"http:\/\/sw-themes.com\/porto_dummy\/elementor\/digital-agency2-dark\/?page_id=469"},"modified":"2021-05-11T12:51:37","modified_gmt":"2021-05-11T12:51:37","slug":"devops","status":"publish","type":"page","link":"https:\/\/novobyte.org\/fr\/service\/devops\/","title":{"rendered":"DevOps"},"content":{"rendered":"<div data-elementor-type=\"wp-page\" data-elementor-id=\"469\" class=\"elementor elementor-469\" data-elementor-settings=\"[]\">\n\t\t\t\t\t\t\t<div class=\"elementor-section-wrap\">\n\t\t\t\t\t\t\t<section class=\"elementor-section elementor-top-section elementor-element elementor-element-6d45d03 flex-wrap-wrap pt-2 pb-5 elementor-section-boxed elementor-section-height-default elementor-section-height-default\" data-id=\"6d45d03\" data-element_type=\"section\" data-settings=\"{&quot;ekit_has_onepagescroll_dot&quot;:&quot;yes&quot;}\">\r\n\t\t\t\r\n\t\t\t\t\t\t\t\t\t<div class=\"elementor-container elementor-column-gap-default\">\r\n\t\t\t\t\t\t\t\t\t\t\t<div class=\"elementor-column elementor-col-50 elementor-top-column elementor-element elementor-element-148b04d col-lg-12 col-xl-4 px-0\" data-id=\"148b04d\" data-element_type=\"column\">\n\t\t\t<div class=\"elementor-widget-wrap elementor-element-populated\">\n\t\t\t\t\t\t\t\t<div class=\"elementor-element elementor-element-d4215f5 zigzag mb-4 pb-3 elementor-widget elementor-widget-heading\" data-id=\"d4215f5\" data-element_type=\"widget\" data-settings=\"{&quot;ekit_we_effect_on&quot;:&quot;none&quot;}\" data-widget_type=\"heading.default\">\n\t\t\t\t<div class=\"elementor-widget-container\">\n\t\t\t<h3 class=\"elementor-heading-title elementor-size-default\">On vous aidera avec :<\/h3>\t\t<\/div>\n\t\t\t\t<\/div>\n\t\t\t\t<div class=\"elementor-element elementor-element-5494972 elementor-widget elementor-widget-porto_sidebar_menu\" data-id=\"5494972\" data-element_type=\"widget\" data-settings=\"{&quot;ekit_we_effect_on&quot;:&quot;none&quot;}\" data-widget_type=\"porto_sidebar_menu.default\">\n\t\t\t\t<div class=\"elementor-widget-container\">\n\t\t\t<div class=\"widget_sidebar_menu main-sidebar-menu service-menu mb-lg-5\"><div class=\"sidebar-menu-wrap\"><ul id=\"menu-footer-bottom-links\" class=\"sidebar-menu\"><li id=\"nav-menu-item-663\" class=\"menu-item menu-item-type-post_type menu-item-object-page  narrow\"><a href=\"https:\/\/novobyte.org\/fr\/service\/\">Nos Services<\/a><\/li>\n<li id=\"nav-menu-item-662\" class=\"menu-item menu-item-type-post_type menu-item-object-page  narrow\"><a href=\"https:\/\/novobyte.org\/fr\/contact-us\/\">Contactez-nous<\/a><\/li>\n<\/ul><\/div><\/div>\t\t<\/div>\n\t\t\t\t<\/div>\n\t\t\t\t\t<\/div>\n\t\t<\/div>\n\t\t\t\t<div class=\"elementor-column elementor-col-50 elementor-top-column elementor-element elementor-element-afa90e5 col-lg-12 col-xl-8 px-0\" data-id=\"afa90e5\" data-element_type=\"column\">\n\t\t\t<div class=\"elementor-widget-wrap elementor-element-populated\">\n\t\t\t\t\t\t\t\t<div class=\"elementor-element elementor-element-42cb9f7 elementor-invisible elementor-widget elementor-widget-porto_ultimate_heading\" data-id=\"42cb9f7\" data-element_type=\"widget\" data-settings=\"{&quot;_animation&quot;:&quot;fadeIn&quot;,&quot;_animation_delay&quot;:200,&quot;ekit_we_effect_on&quot;:&quot;none&quot;}\" data-widget_type=\"porto_ultimate_heading.default\">\n\t\t\t\t<div class=\"elementor-widget-container\">\n\t\t\t<div class=\"porto-u-heading\" data-hspacer=\"no_spacer\" data-halign=\"left\" style=\"text-align:left\"><div class=\"porto-u-main-heading\"><h4  style=\"margin-bottom: 1.5rem;\">Nous avons int\u00e9gr\u00e9 DevOps au c\u0153ur du processus de d\u00e9veloppement des applications mobiles.<\/h4><\/div><div class=\"porto-u-sub-heading\" style=\"\"><p class=\"mb-4 appear-animation animated fadeIn appear-animation-visible\" data-appear-animation=\"fadeIn\" data-appear-animation-delay=\"400\">DevOps, en tant que processus de d\u00e9veloppement de logiciels, se concentre sur la collaboration utile entre les d\u00e9veloppeurs de logiciels, les chefs de projet et le personnel d'exploitation. Le principe cl\u00e9 suivi par le meilleur service DevOps en Inde est la \"livraison constante\". De l'am\u00e9lioration de l'exp\u00e9rience client \u00e0 la correction rapide des bugs, Openxcell travaille pour construire une application qui renforce la valeur de votre organisation. Vous recherchez un flux de travail rationalis\u00e9 ?<\/p><div id=\"section-0\" class=\"col-12\"><h4 class=\"service-page-heading\">Stimule des sorties d'applications plus rapides<\/h4><p>Using the DevOps approach, collaboration amongst various departments &amp; teams gets clear, which results in the faster code release.<\/p><\/div><div id=\"section-1\" class=\"col-12\"><h4 class=\"service-page-heading\">Possibilit\u00e9 de d\u00e9velopper des applications riches en fonctionnalit\u00e9s<\/h4><p>Mobile DevOps allows the process of regression testing, instant reporting, and transparent development process, which optimizes user experience and troubleshoot the errors. This improves the user experience and mobile app development process.<\/p><\/div><div id=\"section-2\" class=\"col-12\"><h4 class=\"service-page-heading\">Rentabilit\u00e9 et gain de temps<\/h4><p>DevOps peut vous aider \u00e0 int\u00e9grer des tests automatis\u00e9s, ce qui permet de gagner du temps et de l'argent tout en augmentant la qualit\u00e9 de l'application.<\/p><\/div><div id=\"section-3\" class=\"col-12\"><h4 class=\"service-page-heading\">Transparence et communication<\/h4><p>DevOps est capable de rendre les choses transparentes et efficaces. En pratiquant DevOps, les d\u00e9veloppeurs DevOps peuvent \u00e9viter le processus de test manuel, la mauvaise communication et l'instabilit\u00e9 du flux de travail.<\/p><\/div><div id=\"section-4\" class=\"col-12\"><h4 class=\"service-page-heading\">Disponibilit\u00e9 de meilleurs outils de d\u00e9veloppement d'applications mobiles<\/h4><p>De nombreux outils de d\u00e9veloppement d'applications mobiles grand public couramment utilis\u00e9s suivent les processus DevOps, qui facilitent l'int\u00e9gration continue ainsi que le d\u00e9ploiement constant de l'application mobile.<\/p><\/div><\/div><\/div>\t\t<\/div>\n\t\t\t\t<\/div>\n\t\t\t\t\t<\/div>\n\t\t<\/div>\n\t\t\t\t\t\t<\/div>\r\n\t\t\t\t<\/section>\r\n\t\t\t\t\t\t<\/div>\n\t\t\t\t\t<\/div>","protected":false},"excerpt":{"rendered":"<p>We Can Help You With: Our Services Contact Us We have integrated DevOps into the core of Mobile App Development Process. DevOps, as a software development process, focuses on the useful collaboration between software developers, project managers, and operations staff. The key principle followed by the top DevOps service in India is \u201cconstant delivery\u201d. With [&hellip;]<\/p>","protected":false},"author":1,"featured_media":0,"parent":10,"menu_order":0,"comment_status":"closed","ping_status":"closed","template":"","meta":{"footnotes":""},"class_list":["post-469","page","type-page","status-publish","hentry"],"yoast_head":"<!-- This site is optimized with the Yoast SEO plugin v16.3 - https:\/\/yoast.com\/wordpress\/plugins\/seo\/ -->\n<title>DevOps - Novobyte<\/title>\n<meta name=\"robots\" content=\"index, follow, max-snippet:-1, max-image-preview:large, max-video-preview:-1\" \/>\n<link rel=\"canonical\" href=\"https:\/\/novobyte.org\/fr\/service\/devops\/\" \/>\n<meta property=\"og:locale\" content=\"fr_FR\" \/>\n<meta property=\"og:type\" content=\"article\" \/>\n<meta property=\"og:title\" content=\"DevOps - Novobyte\" \/>\n<meta property=\"og:description\" content=\"We Can Help You With: Our Services Contact Us We have integrated DevOps into the core of Mobile App Development Process. DevOps, as a software development process, focuses on the useful collaboration between software developers, project managers, and operations staff. The key principle followed by the top DevOps service in India is \u201cconstant delivery\u201d. With [&hellip;]\" \/>\n<meta property=\"og:url\" content=\"https:\/\/novobyte.org\/fr\/service\/devops\/\" \/>\n<meta property=\"og:site_name\" content=\"Novobyte\" \/>\n<meta property=\"article:modified_time\" content=\"2021-05-11T12:51:37+00:00\" \/>\n<meta name=\"twitter:card\" content=\"summary_large_image\" \/>\n<meta name=\"twitter:label1\" content=\"Dur\u00e9e de lecture est.\">\n\t<meta name=\"twitter:data1\" content=\"1 minute\">\n<script type=\"application\/ld+json\" class=\"yoast-schema-graph\">{\"@context\":\"https:\/\/schema.org\",\"@graph\":[{\"@type\":\"WebSite\",\"@id\":\"https:\/\/novobyte.org\/fr\/#website\",\"url\":\"https:\/\/novobyte.org\/fr\/\",\"name\":\"Novobyte\",\"description\":\"We believe in new technologies\",\"potentialAction\":[{\"@type\":\"SearchAction\",\"target\":\"https:\/\/novobyte.org\/fr\/?s={search_term_string}\",\"query-input\":\"required name=search_term_string\"}],\"inLanguage\":\"fr-FR\"},{\"@type\":\"WebPage\",\"@id\":\"https:\/\/novobyte.org\/fr\/service\/devops\/#webpage\",\"url\":\"https:\/\/novobyte.org\/fr\/service\/devops\/\",\"name\":\"DevOps - Novobyte\",\"isPartOf\":{\"@id\":\"https:\/\/novobyte.org\/fr\/#website\"},\"datePublished\":\"2020-07-03T03:30:05+00:00\",\"dateModified\":\"2021-05-11T12:51:37+00:00\",\"breadcrumb\":{\"@id\":\"https:\/\/novobyte.org\/fr\/service\/devops\/#breadcrumb\"},\"inLanguage\":\"fr-FR\",\"potentialAction\":[{\"@type\":\"ReadAction\",\"target\":[\"https:\/\/novobyte.org\/fr\/service\/devops\/\"]}]},{\"@type\":\"BreadcrumbList\",\"@id\":\"https:\/\/novobyte.org\/fr\/service\/devops\/#breadcrumb\",\"itemListElement\":[{\"@type\":\"ListItem\",\"position\":1,\"item\":{\"@type\":\"WebPage\",\"@id\":\"https:\/\/novobyte.org\/fr\/\",\"url\":\"https:\/\/novobyte.org\/fr\/\",\"name\":\"Home\"}},{\"@type\":\"ListItem\",\"position\":2,\"item\":{\"@type\":\"WebPage\",\"@id\":\"https:\/\/novobyte.org\/fr\/service\/\",\"url\":\"https:\/\/novobyte.org\/fr\/service\/\",\"name\":\"Our Services\"}},{\"@type\":\"ListItem\",\"position\":3,\"item\":{\"@id\":\"https:\/\/novobyte.org\/fr\/service\/devops\/#webpage\"}}]}]}<\/script>\n<!-- \/ Yoast SEO plugin. -->","_links":{"self":[{"href":"https:\/\/novobyte.org\/fr\/wp-json\/wp\/v2\/pages\/469","targetHints":{"allow":["GET"]}}],"collection":[{"href":"https:\/\/novobyte.org\/fr\/wp-json\/wp\/v2\/pages"}],"about":[{"href":"https:\/\/novobyte.org\/fr\/wp-json\/wp\/v2\/types\/page"}],"author":[{"embeddable":true,"href":"https:\/\/novobyte.org\/fr\/wp-json\/wp\/v2\/users\/1"}],"replies":[{"embeddable":true,"href":"https:\/\/novobyte.org\/fr\/wp-json\/wp\/v2\/comments?post=469"}],"version-history":[{"count":5,"href":"https:\/\/novobyte.org\/fr\/wp-json\/wp\/v2\/pages\/469\/revisions"}],"predecessor-version":[{"id":953,"href":"https:\/\/novobyte.org\/fr\/wp-json\/wp\/v2\/pages\/469\/revisions\/953"}],"up":[{"embeddable":true,"href":"https:\/\/novobyte.org\/fr\/wp-json\/wp\/v2\/pages\/10"}],"wp:attachment":[{"href":"https:\/\/novobyte.org\/fr\/wp-json\/wp\/v2\/media?parent=469"}],"curies":[{"name":"wp","href":"https:\/\/api.w.org\/{rel}","templated":true}]}}