{"id":466,"date":"2020-07-03T03:30:03","date_gmt":"2020-07-03T03:30:03","guid":{"rendered":"http:\/\/sw-themes.com\/porto_dummy\/elementor\/digital-agency2-dark\/?page_id=466"},"modified":"2021-06-05T08:59:16","modified_gmt":"2021-06-05T08:59:16","slug":"web-mobile-development","status":"publish","type":"page","link":"https:\/\/novobyte.org\/fr\/service\/web-mobile-development\/","title":{"rendered":"D\u00e9veloppement Web et mobile"},"content":{"rendered":"<div data-elementor-type=\"wp-page\" data-elementor-id=\"466\" class=\"elementor elementor-466\" data-elementor-settings=\"[]\">\n\t\t\t\t\t\t\t<div class=\"elementor-section-wrap\">\n\t\t\t\t\t\t\t<section class=\"elementor-section elementor-top-section elementor-element elementor-element-2459bb7 flex-wrap-wrap pt-2 pb-5 elementor-section-boxed elementor-section-height-default elementor-section-height-default\" data-id=\"2459bb7\" data-element_type=\"section\" data-settings=\"{&quot;ekit_has_onepagescroll_dot&quot;:&quot;yes&quot;}\">\r\n\t\t\t\r\n\t\t\t\t\t\t\t\t\t<div class=\"elementor-container elementor-column-gap-default\">\r\n\t\t\t\t\t\t\t\t\t\t\t<div class=\"elementor-column elementor-col-50 elementor-top-column elementor-element elementor-element-aa2c244 col-lg-12 col-xl-4 px-0\" data-id=\"aa2c244\" data-element_type=\"column\">\n\t\t\t<div class=\"elementor-widget-wrap elementor-element-populated\">\n\t\t\t\t\t\t\t\t<div class=\"elementor-element elementor-element-03f9d51 zigzag mb-4 pb-3 elementor-widget elementor-widget-heading\" data-id=\"03f9d51\" data-element_type=\"widget\" data-settings=\"{&quot;ekit_we_effect_on&quot;:&quot;none&quot;}\" data-widget_type=\"heading.default\">\n\t\t\t\t<div class=\"elementor-widget-container\">\n\t\t\t<h3 class=\"elementor-heading-title elementor-size-default\">On vous aidera avec :<\/h3>\t\t<\/div>\n\t\t\t\t<\/div>\n\t\t\t\t<div class=\"elementor-element elementor-element-b8cfcc2 elementor-widget elementor-widget-porto_sidebar_menu\" data-id=\"b8cfcc2\" data-element_type=\"widget\" data-settings=\"{&quot;ekit_we_effect_on&quot;:&quot;none&quot;}\" data-widget_type=\"porto_sidebar_menu.default\">\n\t\t\t\t<div class=\"elementor-widget-container\">\n\t\t\t<div class=\"widget_sidebar_menu main-sidebar-menu service-menu mb-lg-5\"><div class=\"sidebar-menu-wrap\"><ul id=\"menu-footer-bottom-links\" class=\"sidebar-menu\"><li id=\"nav-menu-item-663\" class=\"menu-item menu-item-type-post_type menu-item-object-page  narrow\"><a href=\"https:\/\/novobyte.org\/fr\/service\/\">Nos Services<\/a><\/li>\n<li id=\"nav-menu-item-662\" class=\"menu-item menu-item-type-post_type menu-item-object-page  narrow\"><a href=\"https:\/\/novobyte.org\/fr\/contact-us\/\">Contactez-nous<\/a><\/li>\n<\/ul><\/div><\/div>\t\t<\/div>\n\t\t\t\t<\/div>\n\t\t\t\t\t<\/div>\n\t\t<\/div>\n\t\t\t\t<div class=\"elementor-column elementor-col-50 elementor-top-column elementor-element elementor-element-ec8a3aa col-lg-12 col-xl-8 px-0\" data-id=\"ec8a3aa\" data-element_type=\"column\">\n\t\t\t<div class=\"elementor-widget-wrap elementor-element-populated\">\n\t\t\t\t\t\t\t\t<div class=\"elementor-element elementor-element-fbf2695 elementor-invisible elementor-widget elementor-widget-porto_ultimate_heading\" data-id=\"fbf2695\" data-element_type=\"widget\" data-settings=\"{&quot;_animation&quot;:&quot;fadeIn&quot;,&quot;_animation_delay&quot;:200,&quot;ekit_we_effect_on&quot;:&quot;none&quot;}\" data-widget_type=\"porto_ultimate_heading.default\">\n\t\t\t\t<div class=\"elementor-widget-container\">\n\t\t\t<div class=\"porto-u-heading\" data-hspacer=\"no_spacer\" data-halign=\"left\" style=\"text-align:left\"><div class=\"porto-u-main-heading\"><h5  style=\"margin-bottom: 1.5rem;\">Donnez du pouvoir \u00e0 votre entreprise gr\u00e2ce \u00e0 nos services de d\u00e9veloppement d'applications<\/h5><\/div><div class=\"porto-u-sub-heading\" style=\"\"><div class=\"row\"><div class=\"col-lg-12 headingRow\"><p>Vous voulez vous d\u00e9marquer de la concurrence avec des solutions de d\u00e9veloppement d'applications personnalis\u00e9es fiables et ax\u00e9es sur les r\u00e9sultats ? Nous proposons des solutions int\u00e9gr\u00e9es aux technologies de pointe afin de fournir des solutions sur mesure et pr\u00e9cises pour les diverses exigences des clients.<\/p><\/div><\/div><div class=\"row industriesRow flex-column-reverse flex-md-row\"><div class=\"col-12 col-md-6 col-xl-5 d-flex align-items-center\"><div class=\"textbox\"><h3>\u00a0<\/h3><\/div><\/div><\/div><\/div><\/div>\t\t<\/div>\n\t\t\t\t<\/div>\n\t\t\t\t<section class=\"elementor-section elementor-inner-section elementor-element elementor-element-578e463 elementor-section-boxed elementor-section-height-default elementor-section-height-default\" data-id=\"578e463\" data-element_type=\"section\" data-settings=\"{&quot;ekit_has_onepagescroll_dot&quot;:&quot;yes&quot;}\">\r\n\t\t\t\r\n\t\t\t\t\t\t\t\t\t<div class=\"elementor-container elementor-column-gap-default\">\r\n\t\t\t\t\t\t\t\t\t\t\t<div class=\"elementor-column elementor-col-50 elementor-inner-column elementor-element elementor-element-ffcecf0\" data-id=\"ffcecf0\" data-element_type=\"column\">\n\t\t\t<div class=\"elementor-widget-wrap elementor-element-populated\">\n\t\t\t\t\t\t\t\t<div class=\"elementor-element elementor-element-f49840b elementor-widget elementor-widget-image\" data-id=\"f49840b\" data-element_type=\"widget\" data-settings=\"{&quot;ekit_we_effect_on&quot;:&quot;none&quot;}\" data-widget_type=\"image.default\">\n\t\t\t\t<div class=\"elementor-widget-container\">\n\t\t\t\t\t\t\t\t\t\t\t\t\t\t\t<img loading=\"lazy\" decoding=\"async\" width=\"551\" height=\"283\" src=\"https:\/\/novobyte.org\/wp-content\/uploads\/2021\/05\/ezgif-6-98835e389e36.jpg\" class=\"attachment-large size-large\" alt=\"\" srcset=\"https:\/\/novobyte.org\/wp-content\/uploads\/2021\/05\/ezgif-6-98835e389e36.jpg 551w, https:\/\/novobyte.org\/wp-content\/uploads\/2021\/05\/ezgif-6-98835e389e36-400x205.jpg 400w, https:\/\/novobyte.org\/wp-content\/uploads\/2021\/05\/ezgif-6-98835e389e36-450x231.jpg 450w, https:\/\/novobyte.org\/wp-content\/uploads\/2021\/05\/ezgif-6-98835e389e36-367x188.jpg 367w\" sizes=\"auto, (max-width: 551px) 100vw, 551px\" \/>\t\t\t\t\t\t\t\t\t\t\t\t\t\t\t<\/div>\n\t\t\t\t<\/div>\n\t\t\t\t\t<\/div>\n\t\t<\/div>\n\t\t\t\t<div class=\"elementor-column elementor-col-50 elementor-inner-column elementor-element elementor-element-6cfe115\" data-id=\"6cfe115\" data-element_type=\"column\">\n\t\t\t<div class=\"elementor-widget-wrap elementor-element-populated\">\n\t\t\t\t\t\t\t\t<div class=\"elementor-element elementor-element-a115c1c elementor-position-left elementor-view-default elementor-vertical-align-top elementor-widget elementor-widget-icon-box\" data-id=\"a115c1c\" data-element_type=\"widget\" data-settings=\"{&quot;ekit_we_effect_on&quot;:&quot;none&quot;}\" data-widget_type=\"icon-box.default\">\n\t\t\t\t<div class=\"elementor-widget-container\">\n\t\t\t\t\t<div class=\"elementor-icon-box-wrapper\">\n\t\t\t\t\t\t<div class=\"elementor-icon-box-icon\">\n\t\t\t\t<span class=\"elementor-icon elementor-animation-\" >\n\t\t\t\t<i aria-hidden=\"true\" class=\"icon icon-laptop\"><\/i>\t\t\t\t<\/span>\n\t\t\t<\/div>\n\t\t\t\t\t\t<div class=\"elementor-icon-box-content\">\n\t\t\t\t<h3 class=\"elementor-icon-box-title\">\n\t\t\t\t\t<span >D\u00e9veloppement d'applications Web<\/span>\n\t\t\t\t<\/h3>\n\t\t\t\t\t\t\t\t<p class=\"elementor-icon-box-description\">En tant que soci\u00e9t\u00e9 de d\u00e9veloppement d'applications web avec plus de 16 ans d'exp\u00e9rience, nous cr\u00e9ons des solutions B2B et B2C de classe mondiale ax\u00e9es sur la diffusion de vid\u00e9os, le RTC, l'adtech, l'eLearning et l'analyse de donn\u00e9es.<\/p>\n\t\t\t\t\t\t\t<\/div>\n\t\t<\/div>\n\t\t\t\t<\/div>\n\t\t\t\t<\/div>\n\t\t\t\t\t<\/div>\n\t\t<\/div>\n\t\t\t\t\t\t<\/div>\r\n\t\t\t\t<\/section>\r\n\t\t\t\t<section class=\"elementor-section elementor-inner-section elementor-element elementor-element-91e0cd2 elementor-section-boxed elementor-section-height-default elementor-section-height-default\" data-id=\"91e0cd2\" data-element_type=\"section\" data-settings=\"{&quot;ekit_has_onepagescroll_dot&quot;:&quot;yes&quot;}\">\r\n\t\t\t\r\n\t\t\t\t\t\t\t\t\t<div class=\"elementor-container elementor-column-gap-default\">\r\n\t\t\t\t\t\t\t\t\t\t\t<div class=\"elementor-column elementor-col-50 elementor-inner-column elementor-element elementor-element-5b4fa6d\" data-id=\"5b4fa6d\" data-element_type=\"column\">\n\t\t\t<div class=\"elementor-widget-wrap elementor-element-populated\">\n\t\t\t\t\t\t\t\t<div class=\"elementor-element elementor-element-998bbfe elementor-position-left elementor-view-default elementor-vertical-align-top elementor-widget elementor-widget-icon-box\" data-id=\"998bbfe\" data-element_type=\"widget\" data-settings=\"{&quot;ekit_we_effect_on&quot;:&quot;none&quot;}\" data-widget_type=\"icon-box.default\">\n\t\t\t\t<div class=\"elementor-widget-container\">\n\t\t\t\t\t<div class=\"elementor-icon-box-wrapper\">\n\t\t\t\t\t\t<div class=\"elementor-icon-box-icon\">\n\t\t\t\t<span class=\"elementor-icon elementor-animation-\" >\n\t\t\t\t<i aria-hidden=\"true\" class=\"icon icon-smartphone\"><\/i>\t\t\t\t<\/span>\n\t\t\t<\/div>\n\t\t\t\t\t\t<div class=\"elementor-icon-box-content\">\n\t\t\t\t<h3 class=\"elementor-icon-box-title\">\n\t\t\t\t\t<span >D\u00e9veloppement d'applications mobiles<\/span>\n\t\t\t\t<\/h3>\n\t\t\t\t\t\t\t\t<p class=\"elementor-icon-box-description\">Nous offrons un cycle complet de services de d\u00e9veloppement d'applications mobiles adapt\u00e9s aux besoins de votre entreprise. De la conception au d\u00e9ploiement, en passant par la gestion, le suivi et la maintenance, nous couvrons l'ensemble du processus.<\/p>\n\t\t\t\t\t\t\t<\/div>\n\t\t<\/div>\n\t\t\t\t<\/div>\n\t\t\t\t<\/div>\n\t\t\t\t\t<\/div>\n\t\t<\/div>\n\t\t\t\t<div class=\"elementor-column elementor-col-50 elementor-inner-column elementor-element elementor-element-00a8688\" data-id=\"00a8688\" data-element_type=\"column\">\n\t\t\t<div class=\"elementor-widget-wrap elementor-element-populated\">\n\t\t\t\t\t\t\t\t<div class=\"elementor-element elementor-element-37080b4 elementor-widget elementor-widget-image\" data-id=\"37080b4\" data-element_type=\"widget\" data-settings=\"{&quot;ekit_we_effect_on&quot;:&quot;none&quot;}\" data-widget_type=\"image.default\">\n\t\t\t\t<div class=\"elementor-widget-container\">\n\t\t\t\t\t\t\t\t\t\t\t\t\t\t\t<img loading=\"lazy\" decoding=\"async\" width=\"551\" height=\"317\" src=\"https:\/\/novobyte.org\/wp-content\/uploads\/2021\/05\/ezgif-3-8e7aef56806c.jpg\" class=\"attachment-large size-large\" alt=\"\" srcset=\"https:\/\/novobyte.org\/wp-content\/uploads\/2021\/05\/ezgif-3-8e7aef56806c.jpg 551w, https:\/\/novobyte.org\/wp-content\/uploads\/2021\/05\/ezgif-3-8e7aef56806c-400x230.jpg 400w, https:\/\/novobyte.org\/wp-content\/uploads\/2021\/05\/ezgif-3-8e7aef56806c-367x211.jpg 367w\" sizes=\"auto, (max-width: 551px) 100vw, 551px\" \/>\t\t\t\t\t\t\t\t\t\t\t\t\t\t\t<\/div>\n\t\t\t\t<\/div>\n\t\t\t\t\t<\/div>\n\t\t<\/div>\n\t\t\t\t\t\t<\/div>\r\n\t\t\t\t<\/section>\r\n\t\t\t\t<section class=\"elementor-section elementor-inner-section elementor-element elementor-element-430fc59 elementor-section-boxed elementor-section-height-default elementor-section-height-default\" data-id=\"430fc59\" data-element_type=\"section\" data-settings=\"{&quot;ekit_has_onepagescroll_dot&quot;:&quot;yes&quot;}\">\r\n\t\t\t\r\n\t\t\t\t\t\t\t\t\t<div class=\"elementor-container elementor-column-gap-default\">\r\n\t\t\t\t\t\t\t\t\t\t\t<div class=\"elementor-column elementor-col-50 elementor-inner-column elementor-element elementor-element-689c2cc\" data-id=\"689c2cc\" data-element_type=\"column\">\n\t\t\t<div class=\"elementor-widget-wrap elementor-element-populated\">\n\t\t\t\t\t\t\t\t<div class=\"elementor-element elementor-element-bbbef32 elementor-widget elementor-widget-image\" data-id=\"bbbef32\" data-element_type=\"widget\" data-settings=\"{&quot;ekit_we_effect_on&quot;:&quot;none&quot;}\" data-widget_type=\"image.default\">\n\t\t\t\t<div class=\"elementor-widget-container\">\n\t\t\t\t\t\t\t\t\t\t\t\t\t\t\t<img loading=\"lazy\" decoding=\"async\" width=\"551\" height=\"304\" src=\"https:\/\/novobyte.org\/wp-content\/uploads\/2021\/05\/ezgif-3-87bf67393641.jpg\" class=\"attachment-large size-large\" alt=\"\" srcset=\"https:\/\/novobyte.org\/wp-content\/uploads\/2021\/05\/ezgif-3-87bf67393641.jpg 551w, https:\/\/novobyte.org\/wp-content\/uploads\/2021\/05\/ezgif-3-87bf67393641-400x221.jpg 400w, https:\/\/novobyte.org\/wp-content\/uploads\/2021\/05\/ezgif-3-87bf67393641-367x202.jpg 367w\" sizes=\"auto, (max-width: 551px) 100vw, 551px\" \/>\t\t\t\t\t\t\t\t\t\t\t\t\t\t\t<\/div>\n\t\t\t\t<\/div>\n\t\t\t\t\t<\/div>\n\t\t<\/div>\n\t\t\t\t<div class=\"elementor-column elementor-col-50 elementor-inner-column elementor-element elementor-element-f915645\" data-id=\"f915645\" data-element_type=\"column\">\n\t\t\t<div class=\"elementor-widget-wrap elementor-element-populated\">\n\t\t\t\t\t\t\t\t<div class=\"elementor-element elementor-element-290a40d elementor-position-left elementor-view-default elementor-vertical-align-top elementor-widget elementor-widget-icon-box\" data-id=\"290a40d\" data-element_type=\"widget\" data-settings=\"{&quot;ekit_we_effect_on&quot;:&quot;none&quot;}\" data-widget_type=\"icon-box.default\">\n\t\t\t\t<div class=\"elementor-widget-container\">\n\t\t\t\t\t<div class=\"elementor-icon-box-wrapper\">\n\t\t\t\t\t\t<div class=\"elementor-icon-box-icon\">\n\t\t\t\t<span class=\"elementor-icon elementor-animation-\" >\n\t\t\t\t<i aria-hidden=\"true\" class=\"icon icon-computer\"><\/i>\t\t\t\t<\/span>\n\t\t\t<\/div>\n\t\t\t\t\t\t<div class=\"elementor-icon-box-content\">\n\t\t\t\t<h3 class=\"elementor-icon-box-title\">\n\t\t\t\t\t<span >D\u00e9veloppement d'applications multiplateformes<\/span>\n\t\t\t\t<\/h3>\n\t\t\t\t\t\t\t\t<p class=\"elementor-icon-box-description\">En tant que soci\u00e9t\u00e9 de d\u00e9veloppement d'applications hybrides de renom, nous nous assurons de fournir des services de d\u00e9veloppement d'applications mobiles rapides et personnalis\u00e9s avec des r\u00e9sultats de qualit\u00e9 sup\u00e9rieure qui fonctionnent de mani\u00e8re transparente sur toutes les plateformes.\n\n<\/p>\n\t\t\t\t\t\t\t<\/div>\n\t\t<\/div>\n\t\t\t\t<\/div>\n\t\t\t\t<\/div>\n\t\t\t\t\t<\/div>\n\t\t<\/div>\n\t\t\t\t\t\t<\/div>\r\n\t\t\t\t<\/section>\r\n\t\t\t\t\t<\/div>\n\t\t<\/div>\n\t\t\t\t\t\t<\/div>\r\n\t\t\t\t<\/section>\r\n\t\t\t\t\t\t<\/div>\n\t\t\t\t\t<\/div>","protected":false},"excerpt":{"rendered":"<p>We Can Help You With: Our Services Contact Us Empower Your Business With Our App Development Services Want to stand out from the competition with result-driven and reliable custom application development\u00a0solutions? We offer advanced technology integrated solutions to deliver tailored and precise solutions for diverse customer requirements. \u00a0 Web App Development As a web application [&hellip;]<\/p>","protected":false},"author":1,"featured_media":0,"parent":10,"menu_order":0,"comment_status":"closed","ping_status":"closed","template":"","meta":{"footnotes":""},"class_list":["post-466","page","type-page","status-publish","hentry"],"yoast_head":"<!-- This site is optimized with the Yoast SEO plugin v16.3 - https:\/\/yoast.com\/wordpress\/plugins\/seo\/ -->\n<title>Web and Mobile Development - Novobyte<\/title>\n<meta name=\"robots\" content=\"index, follow, max-snippet:-1, max-image-preview:large, max-video-preview:-1\" \/>\n<link rel=\"canonical\" href=\"https:\/\/novobyte.org\/fr\/service\/web-mobile-development\/\" \/>\n<meta property=\"og:locale\" content=\"fr_FR\" \/>\n<meta property=\"og:type\" content=\"article\" \/>\n<meta property=\"og:title\" content=\"Web and Mobile Development - Novobyte\" \/>\n<meta property=\"og:description\" content=\"We Can Help You With: Our Services Contact Us Empower Your Business With Our App Development Services Want to stand out from the competition with result-driven and reliable custom application development\u00a0solutions? We offer advanced technology integrated solutions to deliver tailored and precise solutions for diverse customer requirements. \u00a0 Web App Development As a web application [&hellip;]\" \/>\n<meta property=\"og:url\" content=\"https:\/\/novobyte.org\/fr\/service\/web-mobile-development\/\" \/>\n<meta property=\"og:site_name\" content=\"Novobyte\" \/>\n<meta property=\"article:modified_time\" content=\"2021-06-05T08:59:16+00:00\" \/>\n<meta property=\"og:image\" content=\"https:\/\/novobyte.org\/wp-content\/uploads\/2021\/05\/ezgif-6-98835e389e36.jpg\" \/>\n<meta name=\"twitter:card\" content=\"summary_large_image\" \/>\n<meta name=\"twitter:label1\" content=\"Dur\u00e9e de lecture est.\">\n\t<meta name=\"twitter:data1\" content=\"2 minutes\">\n<script type=\"application\/ld+json\" class=\"yoast-schema-graph\">{\"@context\":\"https:\/\/schema.org\",\"@graph\":[{\"@type\":\"WebSite\",\"@id\":\"https:\/\/novobyte.org\/fr\/#website\",\"url\":\"https:\/\/novobyte.org\/fr\/\",\"name\":\"Novobyte\",\"description\":\"We believe in new technologies\",\"potentialAction\":[{\"@type\":\"SearchAction\",\"target\":\"https:\/\/novobyte.org\/fr\/?s={search_term_string}\",\"query-input\":\"required name=search_term_string\"}],\"inLanguage\":\"fr-FR\"},{\"@type\":\"ImageObject\",\"@id\":\"https:\/\/novobyte.org\/fr\/service\/web-mobile-development\/#primaryimage\",\"inLanguage\":\"fr-FR\",\"url\":\"https:\/\/novobyte.org\/wp-content\/uploads\/2021\/05\/ezgif-6-98835e389e36.jpg\",\"contentUrl\":\"https:\/\/novobyte.org\/wp-content\/uploads\/2021\/05\/ezgif-6-98835e389e36.jpg\",\"width\":551,\"height\":283},{\"@type\":\"WebPage\",\"@id\":\"https:\/\/novobyte.org\/fr\/service\/web-mobile-development\/#webpage\",\"url\":\"https:\/\/novobyte.org\/fr\/service\/web-mobile-development\/\",\"name\":\"Web and Mobile Development - Novobyte\",\"isPartOf\":{\"@id\":\"https:\/\/novobyte.org\/fr\/#website\"},\"primaryImageOfPage\":{\"@id\":\"https:\/\/novobyte.org\/fr\/service\/web-mobile-development\/#primaryimage\"},\"datePublished\":\"2020-07-03T03:30:03+00:00\",\"dateModified\":\"2021-06-05T08:59:16+00:00\",\"breadcrumb\":{\"@id\":\"https:\/\/novobyte.org\/fr\/service\/web-mobile-development\/#breadcrumb\"},\"inLanguage\":\"fr-FR\",\"potentialAction\":[{\"@type\":\"ReadAction\",\"target\":[\"https:\/\/novobyte.org\/fr\/service\/web-mobile-development\/\"]}]},{\"@type\":\"BreadcrumbList\",\"@id\":\"https:\/\/novobyte.org\/fr\/service\/web-mobile-development\/#breadcrumb\",\"itemListElement\":[{\"@type\":\"ListItem\",\"position\":1,\"item\":{\"@type\":\"WebPage\",\"@id\":\"https:\/\/novobyte.org\/fr\/\",\"url\":\"https:\/\/novobyte.org\/fr\/\",\"name\":\"Home\"}},{\"@type\":\"ListItem\",\"position\":2,\"item\":{\"@type\":\"WebPage\",\"@id\":\"https:\/\/novobyte.org\/fr\/service\/\",\"url\":\"https:\/\/novobyte.org\/fr\/service\/\",\"name\":\"Our Services\"}},{\"@type\":\"ListItem\",\"position\":3,\"item\":{\"@id\":\"https:\/\/novobyte.org\/fr\/service\/web-mobile-development\/#webpage\"}}]}]}<\/script>\n<!-- \/ Yoast SEO plugin. -->","_links":{"self":[{"href":"https:\/\/novobyte.org\/fr\/wp-json\/wp\/v2\/pages\/466","targetHints":{"allow":["GET"]}}],"collection":[{"href":"https:\/\/novobyte.org\/fr\/wp-json\/wp\/v2\/pages"}],"about":[{"href":"https:\/\/novobyte.org\/fr\/wp-json\/wp\/v2\/types\/page"}],"author":[{"embeddable":true,"href":"https:\/\/novobyte.org\/fr\/wp-json\/wp\/v2\/users\/1"}],"replies":[{"embeddable":true,"href":"https:\/\/novobyte.org\/fr\/wp-json\/wp\/v2\/comments?post=466"}],"version-history":[{"count":8,"href":"https:\/\/novobyte.org\/fr\/wp-json\/wp\/v2\/pages\/466\/revisions"}],"predecessor-version":[{"id":1122,"href":"https:\/\/novobyte.org\/fr\/wp-json\/wp\/v2\/pages\/466\/revisions\/1122"}],"up":[{"embeddable":true,"href":"https:\/\/novobyte.org\/fr\/wp-json\/wp\/v2\/pages\/10"}],"wp:attachment":[{"href":"https:\/\/novobyte.org\/fr\/wp-json\/wp\/v2\/media?parent=466"}],"curies":[{"name":"wp","href":"https:\/\/api.w.org\/{rel}","templated":true}]}}