{"id":1212,"date":"2022-11-27T18:53:01","date_gmt":"2022-11-27T18:53:01","guid":{"rendered":"https:\/\/novobyte.org\/?page_id=1212"},"modified":"2022-12-04T12:50:04","modified_gmt":"2022-12-04T12:50:04","slug":"demand-a-service","status":"publish","type":"page","link":"https:\/\/novobyte.org\/fr\/demand-a-service\/","title":{"rendered":"Quel service souhaitez-vous obtenir de Novobyte ?"},"content":{"rendered":"<div class=\"wp-block-columns is-layout-flex wp-container-core-columns-is-layout-9d6595d7 wp-block-columns-is-layout-flex\">\n<div class=\"wp-block-column is-layout-flow wp-block-column-is-layout-flow\" style=\"flex-basis:25%\"><\/div>\n\n\n\n<div class=\"wp-block-column is-layout-flow wp-block-column-is-layout-flow\" style=\"flex-basis:50%\">\n<figure class=\"wp-block-pullquote has-quaternary-color has-text-color\"><blockquote><p>Nous nous engageons \u00e0 fournir des services de qualit\u00e9 tout en respectant vos contraintes. <strong>Efficacit\u00e9<\/strong> et <strong>Qualit\u00e9<\/strong> sont nos mots-cl\u00e9s.<\/p><cite>NOVOBYTE, PDG<\/cite><\/blockquote><\/figure>\n\n\n\n<div class=\"wp-block-buttons is-layout-flex wp-block-buttons-is-layout-flex\">\n<div class=\"wp-block-button alignright is-style-fill\"><a class=\"wp-block-button__link wp-element-button\" href=\"https:\/\/novobyte.org\/fr\/portfolios\/\" style=\"border-radius:0px\" target=\"_blank\" rel=\"noreferrer noopener\">Voir nos r\u00e9alisations<\/a><\/div>\n<\/div>\n\n\n\n<div class=\"wp-block-buttons is-layout-flex wp-container-core-buttons-is-layout-6b4e3324 wp-block-buttons-is-layout-flex\">\n<div class=\"wp-block-button mt-4\"><a class=\"wp-block-button__link wp-element-button\" href=\"https:\/\/wa.me\/+237620282406\" style=\"border-radius:0px\">Contactez-nous via whatsapp<\/a><\/div>\n<\/div>\n\n\n\n<p><\/p>\n\n\n\n<h2 class=\"has-primary-color has-text-color wp-block-heading\">Vous avez besoin d'un service de notre part ?<\/h2>\n\n\n\n<p>Vous pouvez remplir le formulaire ci-dessous en nous donnant les informations dont nous avons besoin sur le service que vous souhaitez obtenir de Novobyte. Une fois que vous aurez commenc\u00e9 \u00e0 taper, un bouton appara\u00eetra pour vous permettre de poursuivre lorsque vous aurez termin\u00e9.<\/p>\n\n\n<style>\n    .ff_conv_app_3 { background-color: #FFFFFF; }.ff_conv_app_3 .ffc-counter-div span { color: #0445AF; }.ff_conv_app_3 .ffc-counter-div .counter-icon-span svg { fill: #0445AF !important; }.ff_conv_app_3 .f-label-wrap, .ff_conv_app_3 .f-answer { color: #0445AF !important; }.ff_conv_app_3 .f-label-wrap .f-key { border-color: #0445AF !important; }.ff_conv_app_3 .f-label-wrap .f-key-hint { border-color: #0445AF !important; }.ff_conv_app_3 .f-answer .f-radios-wrap ul li { background-color: rgba(4,69,175, 0.1) !important; border: 1px solid #0445AF; }.ff_conv_app_3 .f-answer .f-radios-wrap ul li:focus { background-color: rgba(4,69,175, 0.3) !important }.ff_conv_app_3 .f-answer .f-radios-wrap ul li:hover { background-color: rgba(4,69,175, 0.3) !important }.ff_conv_app_3 .f-answer .f-radios-wrap ul li.f-selected .f-key { background-color: #0445AF !important; color: white; }.ff_conv_app_3 .f-answer .f-radios-wrap ul li.f-selected .f-key-hint { background-color: #0445AF; }.ff_conv_app_3 .f-answer .f-radios-wrap ul li.f-selected svg { fill: #0445AF !important; }.ff_conv_app_3 .f-answer input, .ff_conv_app_3 .f-answer textarea{ color: #0445AF !important; box-shadow: #0445AF  0px 1px; }.ff_conv_app_3 .f-answer input:focus, .ff_conv_app_3 .f-answer textarea:focus { box-shadow: #0445AF  0px 2px !important; }.ff_conv_app_3 .f-answer textarea::placeholder, .ff_conv_app_3 .f-answer input::placeholder { color: #0445AF !important; }.ff_conv_app_3 .text-success { color: #0445AF !important; }.ff_conv_app_3 .f-answer .f-matrix-table tbody td { background-color: rgba(4,69,175, 0.1); }.ff_conv_app_3 .f-answer .f-matrix-table input { border-color: rgba(4,69,175, 0.8); }.ff_conv_app_3 .f-answer .f-matrix-table input.f-radio-control:checked::after { background-color: #0445AF; }.ff_conv_app_3 .f-answer .f-matrix-table input:focus::before { border-color: #0445AF; }.ff_conv_app_3 .f-answer .f-matrix-table input.f-checkbox-control:checked { background-color: #0445AF; }.ff_conv_app_3 .f-answer .f-matrix-table tbody tr::after { border-right-color: #0445AF; }.ff_conv_app_3 .f-answer .f-matrix-table .f-table-cell.f-row-cell { box-shadow: rgba(4,69,175, 0.1) 0px 0px 0px 100vh inset; }.ff_conv_app_3 .f-answer .ff_file_upload_field_wrap { background-color: rgba(4,69,175, 0.1); border-color: rgba(4,69,175, 0.8); }.ff_conv_app_3 .f-answer .ff_file_upload_field_wrap:hover { background-color: rgba(4,69,175, 0.3);}.ff_conv_app_3 .f-answer .ff_file_upload_field_wrap:focus-within { background-color: rgba(4,69,175, 0.3); }.ff_conv_app_3 .f-answer .ff-upload-preview { border-color: rgba(4,69,175, 0.8); }.ff_conv_app_3 .f-answer .ff-upload-preview .ff-upload-thumb { background-color: rgba(4,69,175, 0.3); }.ff_conv_app_3 .f-answer .ff-upload-preview .ff-upload-details { border-left-color: rgba(4,69,175, 0.8); }.ff_conv_app_3 .f-answer .ff-upload-preview .ff-upload-details .ff-el-progress { border-left-color: rgba(4,69,175, 0.8); }.ff_conv_app_3 .f-answer .ff-upload-preview .ff-upload-details .ff-el-progress { background-color: rgba(4,69,175, 0.1); }.ff_conv_app_3 .f-answer .ff-upload-preview .ff-upload-details .ff-el-progress .ff-el-progress-bar { background-color: #0445AF; }.ff_conv_app_3 .f-answer .f-star-wrap .f-star-field-wrap::before { background-color: #0445AF; }.ff_conv_app_3 .f-answer .f-star-wrap .f-star-field-wrap .f-star-field .f-star-field-star .symbolOutline { fill: #0445AF; }.ff_conv_app_3 .f-answer .f-star-wrap .f-star-field-wrap .f-star-field .f-star-field-rating { color: #0445AF; }.ff_conv_app_3 .f-answer .f-star-wrap .f-star-field-wrap.is-hovered .symbolFill { fill: rgba(4,69,175, 0.1); }.ff_conv_app_3 .f-answer .f-star-wrap .f-star-field-wrap.is-selected .symbolFill { fill: #0445AF; }.ff_conv_app_3 .f-answer .f-payment-summary-wrap tbody td { background-color: rgba(4,69,175, 0.1); }.ff_conv_app_3 .f-answer .f-payment-summary-wrap tfoot th { background-color: rgba(4,69,175, 0.1); }.ff_conv_app_3 .f-answer .stripe-inline-holder { border-bottom: 1px solid #0445AF; }.ff_conv_app_3 .f-answer .StripeElement--focus { border-bottom: 2.5px solid #0445AF; }.ff_conv_app_3 .ff_conv_input .f-info { color: #0445AF; }.ff_conv_app_3 .fh2 .f-text { color: #191919; }.ff_conv_app_3 .fh2 .f-tagline, .ff_conv_app_3 .f-sub .f-help { color: rgba(25,25,25, 0.70); }.ff_conv_app_3 .fh2 .stripe-inline-header { color: #191919; }.ff_conv_app_3 .q-inner .o-btn-action, .ff_conv_app_3 .footer-inner-wrap .f-nav { background-color: #0445AF; }.ff_conv_app_3 .q-inner .o-btn-action span, .ff_conv_app_3 .footer-inner-wrap .f-nav a { color: #FFFFFF; } .ff_conv_app_3 .f-enter .f-enter-desc { color: #0445AF; }.ff_conv_app_3 .footer-inner-wrap .f-nav a svg { fill: #FFFFFF; }.ff_conv_app_3 .vff-footer .f-progress-bar { background-color: rgba(4,69,175, 0.3); }.ff_conv_app_3 .vff-footer .f-progress-bar-inner { background-color: #0445AF; }.ff_conv_app_3 .q-inner .o-btn-action:hover { background-color: #0445AFD6; }.ff_conv_app_3 .q-inner .o-btn-action:focus::after { border-radius: 6px; inset: -3px; box-shadow: #0445AF 0px 0px 0px 2px; }.ff_conv_app_3 .f-answer .f-radios-wrap ul li.f-selected .f-key { color: #FFFFFF; } .ff-btn-submit { background-color: #409EFF; color: #ffffff; }<\/style>\n<div class=\"ffc_conv_wrapper ffc_inline_form\">\n    <div class=\"ff_conv_app fluent_form_3 ff_conv_app_frame ff_conv_app_3 ffc_media_hide_mob_no\">\n        <div data-var_name=\"fluent_forms_global_var_1\" class=\"ffc_conv_form\" style=\"width: 100%\" id=\"ffc_app_instance_1\"><\/div>\n    <\/div>\n<\/div>\n\n\n\n<div style=\"height:72px\" aria-hidden=\"true\" class=\"wp-block-spacer\"><\/div>\n\n\n\n<figure class=\"wp-block-video\"><video controls src=\"https:\/\/cdn.novobyte.org\/novobyte\/Comp%201.mp4\"><\/video><\/figure>\n<\/div>\n\n\n\n<div class=\"wp-block-column is-layout-flow wp-block-column-is-layout-flow\" style=\"flex-basis:25%\">\n<style>\n\n    .ff_conv_app_3 { background-color: #FFFFFF; }.ff_conv_app_3 .ffc-counter-div span { color: #0445AF; }.ff_conv_app_3 .ffc-counter-div .counter-icon-span svg { fill: #D95702!important; }.ff_conv_app_3 .f-label-wrap, .ff_conv_app_3 .f-answer { color: #D95702!important; }.ff_conv_app_3 .f-label-wrap .f-key { border-color: #D95702!important; }.ff_conv_app_3 .f-label-wrap .f-key-hint { border-color: #D95702!important; }.ff_conv_app_3 .f-answer .f-radios-wrap ul li { background-color: rgba(4,69,175, 0.1) !important; border: 1px solid #0445AF; }.ff_conv_app_3 .f-answer .f-radios-wrap ul li:focus { background-color: rgba(4,69,175, 0.3) !important }.ff_conv_app_3 .f-answer .f-radios-wrap ul li:hover { background-color: rgba(4,69,175, 0.3) !important }.ff_conv_app_3 .f-answer .f-radios-wrap ul li.f-selected .f-key { background-color: #D95702!important; color: white; }.ff_conv_app_3 .f-answer .f-radios-wrap ul li.f-selected .f-key-hint { background-color: #0445AF; }.ff_conv_app_3 .f-answer .f-radios-wrap ul li.f-selected svg { fill: #D95702!important; }.ff_conv_app_3 .f-answer input, .ff_conv_app_3 .f-answer textarea{ color: #D95702!important; box-shadow: #D95702 0px 1px; }.ff_conv_app_3 .f-answer input:focus, .ff_conv_app_3 .f-answer textarea:focus { box-shadow: #D95702 0px 2px !important; }.ff_conv_app_3 .f-answer textarea::placeholder, .ff_conv_app_3 .f-answer input::placeholder { color: #D95702!important; }.ff_conv_app_3 .text-success { color: #D95702!important; }.ff_conv_app_3 .f-answer .f-matrix-table tbody td { background-color: rgba(4,69,175, 0.1); }.ff_conv_app_3 .f-answer .f-matrix-table input { border-color: rgba(4,69,175, 0.8); }.ff_conv_app_3 .f-answer .f-matrix-table input.f-radio-control:checked::after { background-color: #0445AF; }.ff_conv_app_3 .f-answer .f-matrix-table input:focus::before { border-color: #0445AF; }.ff_conv_app_3 .f-answer .f-matrix-table input.f-checkbox-control:checked { background-color: #0445AF; }.ff_conv_app_3 .f-answer .f-matrix-table tbody tr::after { border-right-color: #0445AF; }.ff_conv_app_3 .f-answer .f-matrix-table .f-table-cell.f-row-cell { box-shadow: rgba(4,69,175, 0.1) 0px 0px 0px 100vh inset; }.ff_conv_app_3 .f-answer .ff_file_upload_field_wrap { background-color: rgba(4,69,175, 0.1); border-color: rgba(4,69,175, 0.8); }.ff_conv_app_3 .f-answer .ff_file_upload_field_wrap:hover { background-color: rgba(4,69,175, 0.3);}.ff_conv_app_3 .f-answer .ff_file_upload_field_wrap:focus-within { background-color: rgba(4,69,175, 0.3); }.ff_conv_app_3 .f-answer .ff-upload-preview { border-color: rgba(4,69,175, 0.8); }.ff_conv_app_3 .f-answer .ff-upload-preview .ff-upload-thumb { background-color: rgba(4,69,175, 0.3); }.ff_conv_app_3 .f-answer .ff-upload-preview .ff-upload-details { border-left-color: rgba(4,69,175, 0.8); }.ff_conv_app_3 .f-answer .ff-upload-preview .ff-upload-details .ff-el-progress { border-left-color: rgba(4,69,175, 0.8); }.ff_conv_app_3 .f-answer .ff-upload-preview .ff-upload-details .ff-el-progress { background-color: rgba(4,69,175, 0.1); }.ff_conv_app_3 .f-answer .ff-upload-preview .ff-upload-details .ff-el-progress .ff-el-progress-bar { background-color: #0445AF; }.ff_conv_app_3 .f-answer .f-star-wrap .f-star-field-wrap::before { background-color: #0445AF; }.ff_conv_app_3 .f-answer .f-star-wrap .f-star-field-wrap .f-star-field .f-star-field-star .symbolOutline { fill: #0445AF; }.ff_conv_app_3 .f-answer .f-star-wrap .f-star-field-wrap .f-star-field .f-star-field-rating { color: #0445AF; }.ff_conv_app_3 .f-answer .f-star-wrap .f-star-field-wrap.is-hovered .symbolFill { fill: rgba(4,69,175, 0.1); }.ff_conv_app_3 .f-answer .f-star-wrap .f-star-field-wrap.is-selected .symbolFill { fill: #0445AF; }.ff_conv_app_3 .f-answer .f-payment-summary-wrap tbody td { background-color: rgba(4,69,175, 0.1); }.ff_conv_app_3 .f-answer .f-payment-summary-wrap tfoot th { background-color: rgba(4,69,175, 0.1); }.ff_conv_app_3 .f-answer .stripe-inline-holder { border-bottom: 1px solid #0445AF; }.ff_conv_app_3 .f-answer .StripeElement--focus { border-bottom: 2.5px solid #0445AF; }.ff_conv_app_3 .ff_conv_input .f-info { color: #0445AF; }.ff_conv_app_3 .fh2 .f-text { color: #191919; }.ff_conv_app_3 .fh2 .f-tagline, .ff_conv_app_3 .f-sub .f-help { color: rgba(25,25,25, 0.70); }.ff_conv_app_3 .fh2 .stripe-inline-header { color: #191919; }.ff_conv_app_3 .q-inner .o-btn-action, .ff_conv_app_3 .footer-inner-wrap .f-nav { background-color: #0445AF; }.ff_conv_app_3 .q-inner .o-btn-action span, .ff_conv_app_3 .footer-inner-wrap .f-nav a { color: #FFFFFF; } .ff_conv_app_3 .f-enter .f-enter-desc { color: #0445AF; }.ff_conv_app_3 .footer-inner-wrap .f-nav a svg { fill: #FFFFFF; }.ff_conv_app_3 .vff-footer .f-progress-bar { background-color: rgba(4,69,175, 0.3); }.ff_conv_app_3 .vff-footer .f-progress-bar-inner { background-color: #0445AF; }.ff_conv_app_3 .q-inner .o-btn-action:hover { background-color: #0445AFD6; }.ff_conv_app_3 .q-inner .o-btn-action:focus::after { border-radius: 6px; inset: -3px; box-shadow: #D957020px 0px 0px 2px; }.ff_conv_app_3 .f-answer .f-radios-wrap ul li.f-selected .f-key { color: #FFFFFF; } .ff-btn-submit { background-color: #409EFF; color: #ffffff; }\n.ff_conv_app_3 .vff-footer .f-progress-bar {\n    background-color: rgba(217, 87, 2,0.3);\n}\n\n\n.ff_conv_app_3 .q-inner .o-btn-action, .ff_conv_app_3 .footer-inner-wrap .f-nav {\n    background-color: #D95702;\n}\n\n.ff_conv_app_3 .ffc-counter-div span {\n    color: #D95702;\n}\n\n\n.ff_conv_app_3 .f-enter .f-enter-desc {\n    color: #D95702;\n}\n.ff_conv_app_3 .q-inner .o-btn-action:hover {\n    background-color: #D95702;\n}\n.ff_conv_app_3 .vff-footer .f-progress-bar-inner {\n    background-color: #D95702;\n}\na[href$=\"https:\/\/fluentforms.com\/\"]{\ndisplay:none;\n}\n<\/style>\n<\/div>\n<\/div>","protected":false},"excerpt":{"rendered":"<p>We are committed to providing quality services while respecting your constraints. Efficiency and Quality are our keywords. NOVOBYTE CEO Need a service from us? You can fill out this form below giving us the information we need on the service you require from Novobyte. Once you start typing, a button will appear for you to [&hellip;]<\/p>","protected":false},"author":2,"featured_media":0,"parent":0,"menu_order":0,"comment_status":"closed","ping_status":"closed","template":"","meta":{"footnotes":""},"class_list":["post-1212","page","type-page","status-publish","hentry"],"yoast_head":"<!-- This site is optimized with the Yoast SEO plugin v16.3 - https:\/\/yoast.com\/wordpress\/plugins\/seo\/ -->\n<title>What Service Do You Require From Novobyte? - Novobyte<\/title>\n<meta name=\"robots\" content=\"index, follow, max-snippet:-1, max-image-preview:large, max-video-preview:-1\" \/>\n<link rel=\"canonical\" href=\"https:\/\/novobyte.org\/fr\/demand-a-service\/\" \/>\n<meta property=\"og:locale\" content=\"fr_FR\" \/>\n<meta property=\"og:type\" content=\"article\" \/>\n<meta property=\"og:title\" content=\"What Service Do You Require From Novobyte? - Novobyte\" \/>\n<meta property=\"og:description\" content=\"We are committed to providing quality services while respecting your constraints. Efficiency and Quality are our keywords. NOVOBYTE CEO Need a service from us? You can fill out this form below giving us the information we need on the service you require from Novobyte. Once you start typing, a button will appear for you to [&hellip;]\" \/>\n<meta property=\"og:url\" content=\"https:\/\/novobyte.org\/fr\/demand-a-service\/\" \/>\n<meta property=\"og:site_name\" content=\"Novobyte\" \/>\n<meta property=\"article:modified_time\" content=\"2022-12-04T12:50:04+00:00\" \/>\n<meta name=\"twitter:card\" content=\"summary_large_image\" \/>\n<meta name=\"twitter:label1\" content=\"Dur\u00e9e de lecture est.\">\n\t<meta name=\"twitter:data1\" content=\"2 minutes\">\n<script type=\"application\/ld+json\" class=\"yoast-schema-graph\">{\"@context\":\"https:\/\/schema.org\",\"@graph\":[{\"@type\":\"WebSite\",\"@id\":\"https:\/\/novobyte.org\/fr\/#website\",\"url\":\"https:\/\/novobyte.org\/fr\/\",\"name\":\"Novobyte\",\"description\":\"We believe in new technologies\",\"potentialAction\":[{\"@type\":\"SearchAction\",\"target\":\"https:\/\/novobyte.org\/fr\/?s={search_term_string}\",\"query-input\":\"required name=search_term_string\"}],\"inLanguage\":\"fr-FR\"},{\"@type\":\"WebPage\",\"@id\":\"https:\/\/novobyte.org\/fr\/demand-a-service\/#webpage\",\"url\":\"https:\/\/novobyte.org\/fr\/demand-a-service\/\",\"name\":\"What Service Do You Require From Novobyte? - Novobyte\",\"isPartOf\":{\"@id\":\"https:\/\/novobyte.org\/fr\/#website\"},\"datePublished\":\"2022-11-27T18:53:01+00:00\",\"dateModified\":\"2022-12-04T12:50:04+00:00\",\"breadcrumb\":{\"@id\":\"https:\/\/novobyte.org\/fr\/demand-a-service\/#breadcrumb\"},\"inLanguage\":\"fr-FR\",\"potentialAction\":[{\"@type\":\"ReadAction\",\"target\":[\"https:\/\/novobyte.org\/fr\/demand-a-service\/\"]}]},{\"@type\":\"BreadcrumbList\",\"@id\":\"https:\/\/novobyte.org\/fr\/demand-a-service\/#breadcrumb\",\"itemListElement\":[{\"@type\":\"ListItem\",\"position\":1,\"item\":{\"@type\":\"WebPage\",\"@id\":\"https:\/\/novobyte.org\/fr\/\",\"url\":\"https:\/\/novobyte.org\/fr\/\",\"name\":\"Home\"}},{\"@type\":\"ListItem\",\"position\":2,\"item\":{\"@id\":\"https:\/\/novobyte.org\/fr\/demand-a-service\/#webpage\"}}]}]}<\/script>\n<!-- \/ Yoast SEO plugin. -->","_links":{"self":[{"href":"https:\/\/novobyte.org\/fr\/wp-json\/wp\/v2\/pages\/1212","targetHints":{"allow":["GET"]}}],"collection":[{"href":"https:\/\/novobyte.org\/fr\/wp-json\/wp\/v2\/pages"}],"about":[{"href":"https:\/\/novobyte.org\/fr\/wp-json\/wp\/v2\/types\/page"}],"author":[{"embeddable":true,"href":"https:\/\/novobyte.org\/fr\/wp-json\/wp\/v2\/users\/2"}],"replies":[{"embeddable":true,"href":"https:\/\/novobyte.org\/fr\/wp-json\/wp\/v2\/comments?post=1212"}],"version-history":[{"count":39,"href":"https:\/\/novobyte.org\/fr\/wp-json\/wp\/v2\/pages\/1212\/revisions"}],"predecessor-version":[{"id":1687,"href":"https:\/\/novobyte.org\/fr\/wp-json\/wp\/v2\/pages\/1212\/revisions\/1687"}],"wp:attachment":[{"href":"https:\/\/novobyte.org\/fr\/wp-json\/wp\/v2\/media?parent=1212"}],"curies":[{"name":"wp","href":"https:\/\/api.w.org\/{rel}","templated":true}]}}