{"id":12,"date":"2020-06-29T08:09:20","date_gmt":"2020-06-29T08:09:20","guid":{"rendered":"http:\/\/sw-themes.com\/porto_dummy\/elementor\/digital-agency2-dark\/?page_id=12"},"modified":"2021-06-05T08:44:42","modified_gmt":"2021-06-05T08:44:42","slug":"ux-design","status":"publish","type":"page","link":"https:\/\/novobyte.org\/fr\/service\/ux-design\/","title":{"rendered":"Design UI\/UX"},"content":{"rendered":"<div data-elementor-type=\"wp-page\" data-elementor-id=\"12\" class=\"elementor elementor-12\" data-elementor-settings=\"[]\">\n\t\t\t\t\t\t\t<div class=\"elementor-section-wrap\">\n\t\t\t\t\t\t\t<section class=\"elementor-section elementor-top-section elementor-element elementor-element-9670266 flex-wrap-wrap pt-2 pb-5 elementor-section-boxed elementor-section-height-default elementor-section-height-default\" data-id=\"9670266\" data-element_type=\"section\" data-settings=\"{&quot;ekit_has_onepagescroll_dot&quot;:&quot;yes&quot;}\">\r\n\t\t\t\r\n\t\t\t\t\t\t\t\t\t<div class=\"elementor-container elementor-column-gap-default\">\r\n\t\t\t\t\t\t\t\t\t\t\t<div class=\"elementor-column elementor-col-50 elementor-top-column elementor-element elementor-element-a39d1ac col-lg-12 col-xl-4 px-0\" data-id=\"a39d1ac\" data-element_type=\"column\">\n\t\t\t<div class=\"elementor-widget-wrap elementor-element-populated\">\n\t\t\t\t\t\t\t\t<div class=\"elementor-element elementor-element-75c5fa0 zigzag mb-4 pb-3 elementor-widget elementor-widget-heading\" data-id=\"75c5fa0\" data-element_type=\"widget\" data-settings=\"{&quot;ekit_we_effect_on&quot;:&quot;none&quot;}\" data-widget_type=\"heading.default\">\n\t\t\t\t<div class=\"elementor-widget-container\">\n\t\t\t<h3 class=\"elementor-heading-title elementor-size-default\">On vous aidera avec :<\/h3>\t\t<\/div>\n\t\t\t\t<\/div>\n\t\t\t\t<div class=\"elementor-element elementor-element-f0dd112 elementor-widget elementor-widget-porto_sidebar_menu\" data-id=\"f0dd112\" data-element_type=\"widget\" data-settings=\"{&quot;ekit_we_effect_on&quot;:&quot;none&quot;}\" data-widget_type=\"porto_sidebar_menu.default\">\n\t\t\t\t<div class=\"elementor-widget-container\">\n\t\t\t<div class=\"widget_sidebar_menu main-sidebar-menu service-menu mb-lg-5\"><div class=\"sidebar-menu-wrap\"><ul id=\"menu-footer-bottom-links\" class=\"sidebar-menu\"><li id=\"nav-menu-item-663\" class=\"menu-item menu-item-type-post_type menu-item-object-page  narrow\"><a href=\"https:\/\/novobyte.org\/fr\/service\/\">Nos Services<\/a><\/li>\n<li id=\"nav-menu-item-662\" class=\"menu-item menu-item-type-post_type menu-item-object-page  narrow\"><a href=\"https:\/\/novobyte.org\/fr\/contact-us\/\">Contactez-nous<\/a><\/li>\n<\/ul><\/div><\/div>\t\t<\/div>\n\t\t\t\t<\/div>\n\t\t\t\t\t<\/div>\n\t\t<\/div>\n\t\t\t\t<div class=\"elementor-column elementor-col-50 elementor-top-column elementor-element elementor-element-255b5c2 col-lg-12 col-xl-8 px-0\" data-id=\"255b5c2\" data-element_type=\"column\">\n\t\t\t<div class=\"elementor-widget-wrap elementor-element-populated\">\n\t\t\t\t\t\t\t\t<div class=\"elementor-element elementor-element-af1cc81 elementor-invisible elementor-widget elementor-widget-porto_ultimate_heading\" data-id=\"af1cc81\" data-element_type=\"widget\" data-settings=\"{&quot;_animation&quot;:&quot;fadeIn&quot;,&quot;_animation_delay&quot;:200,&quot;ekit_we_effect_on&quot;:&quot;none&quot;}\" data-widget_type=\"porto_ultimate_heading.default\">\n\t\t\t\t<div class=\"elementor-widget-container\">\n\t\t\t<div class=\"porto-u-heading\" data-hspacer=\"no_spacer\" data-halign=\"left\" style=\"text-align:left\"><div class=\"porto-u-main-heading\"><h5  style=\"margin-bottom: 1.5rem;\">Design UI\/UX<\/h5><\/div><div class=\"porto-u-sub-heading\" style=\"\"><p>Une interface utilisateur impressionnante ne se contente pas de capter l'attention de l'utilisateur, elle peut cr\u00e9er une exp\u00e9rience utilisateur exceptionnelle et renforcer la marque de l'entreprise. Par cons\u00e9quent, chaque entreprise devrait se concentrer sur la cr\u00e9ation de designs d'IU immersifs qui am\u00e9liorent l'UX. Chez NovoByte, l'\u00e9quipe de d\u00e9veloppement UI\/UX comprend la valeur des mod\u00e8les centr\u00e9s sur l'utilisateur et comprend leur impact sur votre exp\u00e9rience utilisateur. Nous veillons \u00e0 ce que le point de vue des utilisateurs soit au c\u0153ur du processus de d\u00e9veloppement et \u00e0 ce que chacun des logiciels que nous cr\u00e9ons offre une meilleure convivialit\u00e9.<\/p><p>Nous disposons d'une \u00e9quipe de designers UI\/UX qui se concentre sur les attentes des utilisateurs et int\u00e8gre la pratique du design UX \u00e0 chaque \u00e9tape du cycle de d\u00e9veloppement des applications. Nos chercheurs et designers UI\/UX sont sp\u00e9cialis\u00e9s dans la cr\u00e9ation d'interfaces esth\u00e9tiques, conviviales et faciles \u00e0 naviguer. Notre \u00e9quipe de designers vous permettra de b\u00e9n\u00e9ficier d'une exp\u00e9rience utilisateur \u00e9volutive et robuste qui maximisera votre retour sur investissement et favorisera votre strat\u00e9gie de marque.<\/p><\/div><\/div>\t\t<\/div>\n\t\t\t\t<\/div>\n\t\t\t\t<div class=\"elementor-element elementor-element-d0671c4 pb-5 elementor-invisible elementor-widget elementor-widget-image\" data-id=\"d0671c4\" data-element_type=\"widget\" data-settings=\"{&quot;_animation&quot;:&quot;fadeIn&quot;,&quot;_animation_delay&quot;:800,&quot;ekit_we_effect_on&quot;:&quot;none&quot;}\" data-widget_type=\"image.default\">\n\t\t\t\t<div class=\"elementor-widget-container\">\n\t\t\t\t\t\t\t\t\t\t\t\t\t\t\t<img decoding=\"async\" src=\"https:\/\/www.portotheme.com\/wordpress\/porto\/elementor\/digital-agency2\/wp-content\/uploads\/sites\/47\/2020\/07\/our-services-detail-1.jpg\" title=\"\" alt=\"\" \/>\t\t\t\t\t\t\t\t\t\t\t\t\t\t\t<\/div>\n\t\t\t\t<\/div>\n\t\t\t\t<div class=\"elementor-element elementor-element-6749853 mb-4 elementor-hidden-desktop elementor-hidden-tablet elementor-hidden-phone elementor-invisible elementor-widget elementor-widget-accordion\" data-id=\"6749853\" data-element_type=\"widget\" data-settings=\"{&quot;_animation&quot;:&quot;fadeIn&quot;,&quot;_animation_delay&quot;:1000,&quot;ekit_we_effect_on&quot;:&quot;none&quot;}\" data-widget_type=\"accordion.default\">\n\t\t\t\t<div class=\"elementor-widget-container\">\n\t\t\t\t\t<div class=\"elementor-accordion\" role=\"tablist\">\n\t\t\t\t\t\t\t<div class=\"elementor-accordion-item\">\n\t\t\t\t\t<h5 id=\"elementor-tab-title-1081\" class=\"elementor-tab-title\" data-tab=\"1\" role=\"tab\" aria-controls=\"elementor-tab-content-1081\" aria-expanded=\"false\">\n\t\t\t\t\t\t\t\t\t\t\t\t<a class=\"elementor-accordion-title\" href=\"\">Project Brainstorm<\/a>\n\t\t\t\t\t<\/h5>\n\t\t\t\t\t<div id=\"elementor-tab-content-1081\" class=\"elementor-tab-content elementor-clearfix\" data-tab=\"1\" role=\"tabpanel\" aria-labelledby=\"elementor-tab-title-1081\"><p>Sed elementum cursus ante in suscipit. Etiam a arcu consequat, vehicula nisi in, efficitur lectus. Interdum et malesuada fames ac ante ipsum primis in faucibus. In eu lectus ultricies, pellentesque libero vitae, dictum erat.<\/p><p>Sed elementum cursus ante in suscipit. Etiam a arcu consequat, vehicula nisi in, efficitur lectus. Interdum et malesuada fames ac ante ipsum primis in faucibus. In eu lectus ultricies, pellentesque libero vitae, dictum erat.<\/p><p>Sed elementum cursus ante in suscipit. Etiam a arcu consequat, vehicula nisi in, efficitur lectus. Interdum et malesuada fames ac ante ipsum primis in faucibus. In eu lectus ultricies, pellentesque libero vitae, dictum erat.<\/p><\/div>\n\t\t\t\t<\/div>\n\t\t\t\t\t\t\t<div class=\"elementor-accordion-item\">\n\t\t\t\t\t<h5 id=\"elementor-tab-title-1082\" class=\"elementor-tab-title\" data-tab=\"2\" role=\"tab\" aria-controls=\"elementor-tab-content-1082\" aria-expanded=\"false\">\n\t\t\t\t\t\t\t\t\t\t\t\t<a class=\"elementor-accordion-title\" href=\"\">Project Development<\/a>\n\t\t\t\t\t<\/h5>\n\t\t\t\t\t<div id=\"elementor-tab-content-1082\" class=\"elementor-tab-content elementor-clearfix\" data-tab=\"2\" role=\"tabpanel\" aria-labelledby=\"elementor-tab-title-1082\"><p>Sed elementum cursus ante in suscipit. Etiam a arcu consequat, vehicula nisi in, efficitur lectus. Interdum et malesuada fames ac ante ipsum primis in faucibus. In eu lectus ultricies, pellentesque libero vitae, dictum erat.<\/p><p>Sed elementum cursus ante in suscipit. Etiam a arcu consequat, vehicula nisi in, efficitur lectus. Interdum et malesuada fames ac ante ipsum primis in faucibus. In eu lectus ultricies, pellentesque libero vitae, dictum erat.<\/p><p>Sed elementum cursus ante in suscipit. Etiam a arcu consequat, vehicula nisi in, efficitur lectus. Interdum et malesuada fames ac ante ipsum primis in faucibus. In eu lectus ultricies, pellentesque libero vitae, dictum erat.<\/p><\/div>\n\t\t\t\t<\/div>\n\t\t\t\t\t\t\t<div class=\"elementor-accordion-item\">\n\t\t\t\t\t<h5 id=\"elementor-tab-title-1083\" class=\"elementor-tab-title\" data-tab=\"3\" role=\"tab\" aria-controls=\"elementor-tab-content-1083\" aria-expanded=\"false\">\n\t\t\t\t\t\t\t\t\t\t\t\t<a class=\"elementor-accordion-title\" href=\"\">Project Delivery<\/a>\n\t\t\t\t\t<\/h5>\n\t\t\t\t\t<div id=\"elementor-tab-content-1083\" class=\"elementor-tab-content elementor-clearfix\" data-tab=\"3\" role=\"tabpanel\" aria-labelledby=\"elementor-tab-title-1083\"><p>Sed elementum cursus ante in suscipit. Etiam a arcu consequat, vehicula nisi in, efficitur lectus. Interdum et malesuada fames ac ante ipsum primis in faucibus. In eu lectus ultricies, pellentesque libero vitae, dictum erat.<\/p><p>Sed elementum cursus ante in suscipit. Etiam a arcu consequat, vehicula nisi in, efficitur lectus. Interdum et malesuada fames ac ante ipsum primis in faucibus. In eu lectus ultricies, pellentesque libero vitae, dictum erat.<\/p><p>Sed elementum cursus ante in suscipit. Etiam a arcu consequat, vehicula nisi in, efficitur lectus. Interdum et malesuada fames ac ante ipsum primis in faucibus. In eu lectus ultricies, pellentesque libero vitae, dictum erat.<\/p><\/div>\n\t\t\t\t<\/div>\n\t\t\t\t\t\t\t\t<\/div>\n\t\t\t\t<\/div>\n\t\t\t\t<\/div>\n\t\t\t\t\t<\/div>\n\t\t<\/div>\n\t\t\t\t\t\t<\/div>\r\n\t\t\t\t<\/section>\r\n\t\t\t\t\t\t<\/div>\n\t\t\t\t\t<\/div>","protected":false},"excerpt":{"rendered":"<p>We Can Help You With: Our Services Contact Us UI\/UX Design Having an impressive UI goes beyond capturing the user\u2019s attention and can create outstanding UX and build the business brand. Hence, every business should focus on creating immersive UI designs that drive improved UX. At NovoByte, UI\/UX development team comprehends user-centered designs\u2019 value and [&hellip;]<\/p>","protected":false},"author":1,"featured_media":0,"parent":10,"menu_order":0,"comment_status":"closed","ping_status":"closed","template":"","meta":{"footnotes":""},"class_list":["post-12","page","type-page","status-publish","hentry"],"yoast_head":"<!-- This site is optimized with the Yoast SEO plugin v16.3 - https:\/\/yoast.com\/wordpress\/plugins\/seo\/ -->\n<title>UI\/UX Design - Novobyte<\/title>\n<meta name=\"robots\" content=\"index, follow, max-snippet:-1, max-image-preview:large, max-video-preview:-1\" \/>\n<link rel=\"canonical\" href=\"https:\/\/novobyte.org\/fr\/service\/ux-design\/\" \/>\n<meta property=\"og:locale\" content=\"fr_FR\" \/>\n<meta property=\"og:type\" content=\"article\" \/>\n<meta property=\"og:title\" content=\"UI\/UX Design - Novobyte\" \/>\n<meta property=\"og:description\" content=\"We Can Help You With: Our Services Contact Us UI\/UX Design Having an impressive UI goes beyond capturing the user\u2019s attention and can create outstanding UX and build the business brand. Hence, every business should focus on creating immersive UI designs that drive improved UX. At NovoByte, UI\/UX development team comprehends user-centered designs\u2019 value and [&hellip;]\" \/>\n<meta property=\"og:url\" content=\"https:\/\/novobyte.org\/fr\/service\/ux-design\/\" \/>\n<meta property=\"og:site_name\" content=\"Novobyte\" \/>\n<meta property=\"article:modified_time\" content=\"2021-06-05T08:44:42+00:00\" \/>\n<meta property=\"og:image\" content=\"https:\/\/www.portotheme.com\/wordpress\/porto\/elementor\/digital-agency2\/wp-content\/uploads\/sites\/47\/2020\/07\/our-services-detail-1.jpg\" \/>\n<meta name=\"twitter:card\" content=\"summary_large_image\" \/>\n<meta name=\"twitter:label1\" content=\"Dur\u00e9e de lecture est.\">\n\t<meta name=\"twitter:data1\" content=\"3 minutes\">\n<script type=\"application\/ld+json\" class=\"yoast-schema-graph\">{\"@context\":\"https:\/\/schema.org\",\"@graph\":[{\"@type\":\"WebSite\",\"@id\":\"https:\/\/novobyte.org\/fr\/#website\",\"url\":\"https:\/\/novobyte.org\/fr\/\",\"name\":\"Novobyte\",\"description\":\"We believe in new technologies\",\"potentialAction\":[{\"@type\":\"SearchAction\",\"target\":\"https:\/\/novobyte.org\/fr\/?s={search_term_string}\",\"query-input\":\"required name=search_term_string\"}],\"inLanguage\":\"fr-FR\"},{\"@type\":\"ImageObject\",\"@id\":\"https:\/\/novobyte.org\/fr\/service\/ux-design\/#primaryimage\",\"inLanguage\":\"fr-FR\",\"url\":\"https:\/\/www.portotheme.com\/wordpress\/porto\/elementor\/digital-agency2\/wp-content\/uploads\/sites\/47\/2020\/07\/our-services-detail-1.jpg\",\"contentUrl\":\"https:\/\/www.portotheme.com\/wordpress\/porto\/elementor\/digital-agency2\/wp-content\/uploads\/sites\/47\/2020\/07\/our-services-detail-1.jpg\"},{\"@type\":\"WebPage\",\"@id\":\"https:\/\/novobyte.org\/fr\/service\/ux-design\/#webpage\",\"url\":\"https:\/\/novobyte.org\/fr\/service\/ux-design\/\",\"name\":\"UI\/UX Design - Novobyte\",\"isPartOf\":{\"@id\":\"https:\/\/novobyte.org\/fr\/#website\"},\"primaryImageOfPage\":{\"@id\":\"https:\/\/novobyte.org\/fr\/service\/ux-design\/#primaryimage\"},\"datePublished\":\"2020-06-29T08:09:20+00:00\",\"dateModified\":\"2021-06-05T08:44:42+00:00\",\"breadcrumb\":{\"@id\":\"https:\/\/novobyte.org\/fr\/service\/ux-design\/#breadcrumb\"},\"inLanguage\":\"fr-FR\",\"potentialAction\":[{\"@type\":\"ReadAction\",\"target\":[\"https:\/\/novobyte.org\/fr\/service\/ux-design\/\"]}]},{\"@type\":\"BreadcrumbList\",\"@id\":\"https:\/\/novobyte.org\/fr\/service\/ux-design\/#breadcrumb\",\"itemListElement\":[{\"@type\":\"ListItem\",\"position\":1,\"item\":{\"@type\":\"WebPage\",\"@id\":\"https:\/\/novobyte.org\/fr\/\",\"url\":\"https:\/\/novobyte.org\/fr\/\",\"name\":\"Home\"}},{\"@type\":\"ListItem\",\"position\":2,\"item\":{\"@type\":\"WebPage\",\"@id\":\"https:\/\/novobyte.org\/fr\/service\/\",\"url\":\"https:\/\/novobyte.org\/fr\/service\/\",\"name\":\"Our Services\"}},{\"@type\":\"ListItem\",\"position\":3,\"item\":{\"@id\":\"https:\/\/novobyte.org\/fr\/service\/ux-design\/#webpage\"}}]}]}<\/script>\n<!-- \/ Yoast SEO plugin. -->","_links":{"self":[{"href":"https:\/\/novobyte.org\/fr\/wp-json\/wp\/v2\/pages\/12","targetHints":{"allow":["GET"]}}],"collection":[{"href":"https:\/\/novobyte.org\/fr\/wp-json\/wp\/v2\/pages"}],"about":[{"href":"https:\/\/novobyte.org\/fr\/wp-json\/wp\/v2\/types\/page"}],"author":[{"embeddable":true,"href":"https:\/\/novobyte.org\/fr\/wp-json\/wp\/v2\/users\/1"}],"replies":[{"embeddable":true,"href":"https:\/\/novobyte.org\/fr\/wp-json\/wp\/v2\/comments?post=12"}],"version-history":[{"count":11,"href":"https:\/\/novobyte.org\/fr\/wp-json\/wp\/v2\/pages\/12\/revisions"}],"predecessor-version":[{"id":1119,"href":"https:\/\/novobyte.org\/fr\/wp-json\/wp\/v2\/pages\/12\/revisions\/1119"}],"up":[{"embeddable":true,"href":"https:\/\/novobyte.org\/fr\/wp-json\/wp\/v2\/pages\/10"}],"wp:attachment":[{"href":"https:\/\/novobyte.org\/fr\/wp-json\/wp\/v2\/media?parent=12"}],"curies":[{"name":"wp","href":"https:\/\/api.w.org\/{rel}","templated":true}]}}