{"id":10,"date":"2020-06-29T08:09:11","date_gmt":"2020-06-29T08:09:11","guid":{"rendered":"http:\/\/sw-themes.com\/porto_dummy\/elementor\/digital-agency2-dark\/?page_id=10"},"modified":"2025-06-02T12:55:48","modified_gmt":"2025-06-02T12:55:48","slug":"service","status":"publish","type":"page","link":"https:\/\/novobyte.org\/fr\/service\/","title":{"rendered":"Nos Services"},"content":{"rendered":"<div data-elementor-type=\"wp-page\" data-elementor-id=\"10\" class=\"elementor elementor-10\" data-elementor-settings=\"[]\">\n\t\t\t\t\t\t\t<div class=\"elementor-section-wrap\">\n\t\t\t\t\t\t\t<section class=\"elementor-section elementor-top-section elementor-element elementor-element-d0ef2d2 pt-2 pb-4 elementor-section-content-middle elementor-section-boxed elementor-section-height-default elementor-section-height-default\" data-id=\"d0ef2d2\" data-element_type=\"section\" data-settings=\"{&quot;ekit_has_onepagescroll_dot&quot;:&quot;yes&quot;}\">\r\n\t\t\t\r\n\t\t\t\t\t\t\t\t\t<div class=\"elementor-container elementor-column-gap-default\">\r\n\t\t\t\t\t\t\t\t\t\t\t<div class=\"elementor-column elementor-col-100 elementor-top-column elementor-element elementor-element-3feac59 col-md-10 mx-md-auto px-0\" data-id=\"3feac59\" data-element_type=\"column\">\n\t\t\t<div class=\"elementor-widget-wrap elementor-element-populated\">\n\t\t\t\t\t\t\t\t<div class=\"elementor-element elementor-element-52bb132 primary-punc-mark mb-4 pb-3 elementor-invisible elementor-widget elementor-widget-heading\" data-id=\"52bb132\" data-element_type=\"widget\" data-settings=\"{&quot;_animation&quot;:&quot;fadeInLeft&quot;,&quot;_animation_delay&quot;:200,&quot;ekit_we_effect_on&quot;:&quot;none&quot;}\" data-widget_type=\"heading.default\">\n\t\t\t\t<div class=\"elementor-widget-container\">\n\t\t\t<h2 class=\"elementor-heading-title elementor-size-default\">Nous collaborons avec des marques<\/h2>\t\t<\/div>\n\t\t\t\t<\/div>\n\t\t\t\t<div class=\"elementor-element elementor-element-86ba392 mb-4 elementor-invisible elementor-widget elementor-widget-porto_ultimate_heading\" data-id=\"86ba392\" data-element_type=\"widget\" data-settings=\"{&quot;_animation&quot;:&quot;fadeInLeft&quot;,&quot;_animation_delay&quot;:400,&quot;ekit_we_effect_on&quot;:&quot;none&quot;}\" data-widget_type=\"porto_ultimate_heading.default\">\n\t\t\t\t<div class=\"elementor-widget-container\">\n\t\t\t<div class=\"porto-u-heading\" data-hspacer=\"no_spacer\" data-halign=\"center\" style=\"text-align:center\"><div class=\"porto-u-main-heading\"><h6  style=\"margin-bottom: 1.25rem;\">Nous construisons des solutions logicielles personnalis\u00e9es de niveau entreprise qui permettent aux entreprises de lib\u00e9rer l'innovation et de tirer parti de la transformation num\u00e9rique. Nous travaillons du concept au code, et du d\u00e9veloppement au d\u00e9ploiement en nous assurant que le co\u00fbt, le temps et la qualit\u00e9 du d\u00e9veloppement logiciel sont optimis\u00e9s.<\/h6><\/div><\/div>\t\t<\/div>\n\t\t\t\t<\/div>\n\t\t\t\t<div class=\"elementor-section elementor-inner-section elementor-element elementor-element-8e3a82c elementor-section-full_width approach-img py-5 elementor-section-height-default elementor-section-height-default elementor-invisible\" data-id=\"8e3a82c\" data-element_type=\"section\" data-settings=\"{&quot;animation&quot;:&quot;fadeIn&quot;,&quot;animation_delay&quot;:400,&quot;ekit_has_onepagescroll_dot&quot;:&quot;yes&quot;}\">\r\n\t\t\t\r\n\t\t\t\t\t\t\t\t\t<div class=\"elementor-container elementor-column-gap-no porto-ibanner\">\r\n\t\t\t\t\t\t\t\t\t\t\t<div class=\"elementor-column elementor-col-25 elementor-inner-column elementor-element elementor-element-fa319a9\" data-id=\"fa319a9\" data-element_type=\"column\">\n\t\t\t<div class=\"porto-ibanner-layer elementor-widget-wrap elementor-element-populated\" style=\"left: 50%;top: 50%;transform: translate(-50%, -50%);\">\n\t\t\t\t\t\t\t\t\t<\/div>\n\t\t<\/div>\n\t\t\t\t<div class=\"elementor-column elementor-col-25 elementor-inner-column elementor-element elementor-element-4f06b5e\" data-id=\"4f06b5e\" data-element_type=\"column\" data-settings=\"{&quot;background_background&quot;:&quot;classic&quot;}\">\n\t\t\t<div class=\"porto-ibanner-layer rounded-circle elementor-widget-wrap\" style=\"left:4%;top:4%;\" data-appear-animation=\"zoomIn\" data-appear-animation-delay=\"100\">\n\t\t\t\t\t\t\t\t\t<\/div>\n\t\t<\/div>\n\t\t\t\t<div class=\"elementor-column elementor-col-25 elementor-inner-column elementor-element elementor-element-541330b\" data-id=\"541330b\" data-element_type=\"column\">\n\t\t\t<div class=\"porto-ibanner-layer background-color-tertiary rounded-circle elementor-widget-wrap\" style=\"right:2%;top:23.4%;\" data-appear-animation=\"zoomIn\" data-appear-animation-delay=\"100\">\n\t\t\t\t\t\t\t\t\t<\/div>\n\t\t<\/div>\n\t\t\t\t<div class=\"elementor-column elementor-col-25 elementor-inner-column elementor-element elementor-element-5f406e8\" data-id=\"5f406e8\" data-element_type=\"column\">\n\t\t\t<div class=\"porto-ibanner-layer background-color-tertiary rounded-circle elementor-widget-wrap\" style=\"left:18.5%;bottom:0%;\" data-appear-animation=\"zoomIn\" data-appear-animation-delay=\"100\">\n\t\t\t\t\t\t\t\t\t<\/div>\n\t\t<\/div>\n\t\t\t\t\t\t<\/div>\r\n\t\t\t\t<\/div>\r\n\t\t\t\t\t<\/div>\n\t\t<\/div>\n\t\t\t\t\t\t<\/div>\r\n\t\t\t\t<\/section>\r\n\t\t\t\t<section class=\"elementor-section elementor-top-section elementor-element elementor-element-69f6f22 pb-5 elementor-section-boxed elementor-section-height-default elementor-section-height-default\" data-id=\"69f6f22\" data-element_type=\"section\" data-settings=\"{&quot;ekit_has_onepagescroll_dot&quot;:&quot;yes&quot;}\">\r\n\t\t\t\r\n\t\t\t\t\t\t\t\t\t<div class=\"elementor-container elementor-column-gap-no\">\r\n\t\t\t\t\t\t\t\t\t\t\t<div class=\"elementor-column elementor-col-100 elementor-top-column elementor-element elementor-element-2819938 position-static\" data-id=\"2819938\" data-element_type=\"column\">\n\t\t\t<div class=\"elementor-widget-wrap elementor-element-populated\">\n\t\t\t\t\t\t\t\t<div class=\"elementor-element elementor-element-7b94a87 w-auto position-absolute custom-circle-0 elementor-invisible elementor-widget elementor-widget-heading\" data-id=\"7b94a87\" data-element_type=\"widget\" data-settings=\"{&quot;_animation&quot;:&quot;zoomIn&quot;,&quot;_animation_delay&quot;:100,&quot;ekit_we_effect_on&quot;:&quot;none&quot;}\" data-widget_type=\"heading.default\">\n\t\t\t\t<div class=\"elementor-widget-container\">\n\t\t\t<div class=\"elementor-heading-title elementor-size-default\">&nbsp;<\/div>\t\t<\/div>\n\t\t\t\t<\/div>\n\t\t\t\t<div class=\"elementor-element elementor-element-9b68a79 zigzag center pb-5 mb-2 elementor-invisible elementor-widget elementor-widget-heading\" data-id=\"9b68a79\" data-element_type=\"widget\" data-settings=\"{&quot;_animation&quot;:&quot;fadeInUp&quot;,&quot;_animation_delay&quot;:200,&quot;ekit_we_effect_on&quot;:&quot;none&quot;}\" data-widget_type=\"heading.default\">\n\t\t\t\t<div class=\"elementor-widget-container\">\n\t\t\t<h2 class=\"elementor-heading-title elementor-size-default\">On vous aidera avec :<\/h2>\t\t<\/div>\n\t\t\t\t<\/div>\n\t\t\t\t<div class=\"elementor-section elementor-inner-section elementor-element elementor-element-3593cdb flex-wrap-wrap our-services elementor-section-full_width elementor-section-height-default elementor-section-height-default\" data-id=\"3593cdb\" data-element_type=\"section\" data-settings=\"{&quot;ekit_has_onepagescroll_dot&quot;:&quot;yes&quot;}\">\r\n\t\t\t\r\n\t\t\t\t\t\t\t\t\t<div class=\"elementor-container elementor-column-gap-default\">\r\n\t\t\t\t\t\t\t\t\t\t\t<div class=\"elementor-column elementor-col-10 elementor-inner-column elementor-element elementor-element-6f9e446 col-md-6 col-xl-4 px-0\" data-id=\"6f9e446\" data-element_type=\"column\" data-settings=\"{&quot;background_background&quot;:&quot;classic&quot;}\">\n\t\t\t<div class=\"elementor-widget-wrap elementor-element-populated\">\n\t\t\t\t\t<div class=\"elementor-background-overlay\"><\/div>\n\t\t\t\t\t\t\t\t<div class=\"elementor-element elementor-element-ba3243c elementor-invisible elementor-widget elementor-widget-heading\" data-id=\"ba3243c\" data-element_type=\"widget\" data-settings=\"{&quot;_animation&quot;:&quot;fadeInLeft&quot;,&quot;_animation_delay&quot;:200,&quot;ekit_we_effect_on&quot;:&quot;none&quot;}\" data-widget_type=\"heading.default\">\n\t\t\t\t<div class=\"elementor-widget-container\">\n\t\t\t<h5 class=\"elementor-heading-title elementor-size-default\"><a href=\"https:\/\/novobyte.org\/fr\/service\/ux-design\/\">Design UI\/UX<\/a><\/h5>\t\t<\/div>\n\t\t\t\t<\/div>\n\t\t\t\t\t<\/div>\n\t\t<\/div>\n\t\t\t\t<div class=\"elementor-column elementor-col-10 elementor-inner-column elementor-element elementor-element-35e237c col-md-6 col-xl-4 px-0\" data-id=\"35e237c\" data-element_type=\"column\">\n\t\t\t<div class=\"elementor-widget-wrap elementor-element-populated\">\n\t\t\t\t\t\t\t\t<div class=\"elementor-element elementor-element-878614e elementor-invisible elementor-widget elementor-widget-heading\" data-id=\"878614e\" data-element_type=\"widget\" data-settings=\"{&quot;_animation&quot;:&quot;fadeInLeft&quot;,&quot;_animation_delay&quot;:300,&quot;ekit_we_effect_on&quot;:&quot;none&quot;}\" data-widget_type=\"heading.default\">\n\t\t\t\t<div class=\"elementor-widget-container\">\n\t\t\t<h5 class=\"elementor-heading-title elementor-size-default\"><a href=\"https:\/\/novobyte.org\/fr\/service\/cloud-computing\/\">Cloud Computing<\/a><\/h5>\t\t<\/div>\n\t\t\t\t<\/div>\n\t\t\t\t\t<\/div>\n\t\t<\/div>\n\t\t\t\t<div class=\"elementor-column elementor-col-10 elementor-inner-column elementor-element elementor-element-7e2163d col-md-6 col-xl-4 px-0\" data-id=\"7e2163d\" data-element_type=\"column\">\n\t\t\t<div class=\"elementor-widget-wrap elementor-element-populated\">\n\t\t\t\t\t\t\t\t<div class=\"elementor-element elementor-element-c966a66 elementor-invisible elementor-widget elementor-widget-heading\" data-id=\"c966a66\" data-element_type=\"widget\" data-settings=\"{&quot;_animation&quot;:&quot;fadeInLeft&quot;,&quot;_animation_delay&quot;:400,&quot;ekit_we_effect_on&quot;:&quot;none&quot;}\" data-widget_type=\"heading.default\">\n\t\t\t\t<div class=\"elementor-widget-container\">\n\t\t\t<h5 class=\"elementor-heading-title elementor-size-default\"><a href=\"https:\/\/novobyte.org\/fr\/service\/it-consulting\/\">Conseil TI<\/a><\/h5>\t\t<\/div>\n\t\t\t\t<\/div>\n\t\t\t\t\t<\/div>\n\t\t<\/div>\n\t\t\t\t<div class=\"elementor-column elementor-col-10 elementor-inner-column elementor-element elementor-element-09706f7 col-md-6 col-xl-4 px-0\" data-id=\"09706f7\" data-element_type=\"column\">\n\t\t\t<div class=\"elementor-widget-wrap elementor-element-populated\">\n\t\t\t\t\t\t\t\t<div class=\"elementor-element elementor-element-40823d0 elementor-invisible elementor-widget elementor-widget-heading\" data-id=\"40823d0\" data-element_type=\"widget\" data-settings=\"{&quot;_animation&quot;:&quot;fadeInLeft&quot;,&quot;_animation_delay&quot;:500,&quot;ekit_we_effect_on&quot;:&quot;none&quot;}\" data-widget_type=\"heading.default\">\n\t\t\t\t<div class=\"elementor-widget-container\">\n\t\t\t<h5 class=\"elementor-heading-title elementor-size-default\"><a href=\"https:\/\/novobyte.org\/fr\/service\/api-development\/\">D\u00e9veloppement d'API<\/a><\/h5>\t\t<\/div>\n\t\t\t\t<\/div>\n\t\t\t\t\t<\/div>\n\t\t<\/div>\n\t\t\t\t<div class=\"elementor-column elementor-col-10 elementor-inner-column elementor-element elementor-element-ff07f16 col-md-6 col-xl-4 px-0\" data-id=\"ff07f16\" data-element_type=\"column\">\n\t\t\t<div class=\"elementor-widget-wrap elementor-element-populated\">\n\t\t\t\t\t\t\t\t<div class=\"elementor-element elementor-element-aec1da2 elementor-invisible elementor-widget elementor-widget-heading\" data-id=\"aec1da2\" data-element_type=\"widget\" data-settings=\"{&quot;_animation&quot;:&quot;fadeInLeft&quot;,&quot;_animation_delay&quot;:600,&quot;ekit_we_effect_on&quot;:&quot;none&quot;}\" data-widget_type=\"heading.default\">\n\t\t\t\t<div class=\"elementor-widget-container\">\n\t\t\t<h5 class=\"elementor-heading-title elementor-size-default\"><a href=\"https:\/\/novobyte.org\/fr\/service\/devops\/\">DevOps<\/a><\/h5>\t\t<\/div>\n\t\t\t\t<\/div>\n\t\t\t\t\t<\/div>\n\t\t<\/div>\n\t\t\t\t<div class=\"elementor-column elementor-col-10 elementor-inner-column elementor-element elementor-element-ef38d77 col-md-6 col-xl-4 px-0\" data-id=\"ef38d77\" data-element_type=\"column\">\n\t\t\t<div class=\"elementor-widget-wrap elementor-element-populated\">\n\t\t\t\t\t\t\t\t<div class=\"elementor-element elementor-element-5b3ecc3 elementor-invisible elementor-widget elementor-widget-heading\" data-id=\"5b3ecc3\" data-element_type=\"widget\" data-settings=\"{&quot;_animation&quot;:&quot;fadeInLeft&quot;,&quot;_animation_delay&quot;:700,&quot;ekit_we_effect_on&quot;:&quot;none&quot;}\" data-widget_type=\"heading.default\">\n\t\t\t\t<div class=\"elementor-widget-container\">\n\t\t\t<h5 class=\"elementor-heading-title elementor-size-default\"><a href=\"https:\/\/novobyte.org\/fr\/service\/apps-maintenance\/\">Maintenance des applis<\/a><\/h5>\t\t<\/div>\n\t\t\t\t<\/div>\n\t\t\t\t\t<\/div>\n\t\t<\/div>\n\t\t\t\t<div class=\"elementor-column elementor-col-10 elementor-inner-column elementor-element elementor-element-c1f83ae col-md-6 col-xl-4 px-0\" data-id=\"c1f83ae\" data-element_type=\"column\">\n\t\t\t<div class=\"elementor-widget-wrap elementor-element-populated\">\n\t\t\t\t\t\t\t\t<div class=\"elementor-element elementor-element-552f459 elementor-invisible elementor-widget elementor-widget-heading\" data-id=\"552f459\" data-element_type=\"widget\" data-settings=\"{&quot;_animation&quot;:&quot;fadeInLeft&quot;,&quot;_animation_delay&quot;:800,&quot;ekit_we_effect_on&quot;:&quot;none&quot;}\" data-widget_type=\"heading.default\">\n\t\t\t\t<div class=\"elementor-widget-container\">\n\t\t\t<h5 class=\"elementor-heading-title elementor-size-default\"><a href=\"http:\/\/novobyte.org\/fr\/service\/social-media-ads\/\">Service de s\u00e9curit\u00e9 informatique<\/a><\/h5>\t\t<\/div>\n\t\t\t\t<\/div>\n\t\t\t\t\t<\/div>\n\t\t<\/div>\n\t\t\t\t<div class=\"elementor-column elementor-col-10 elementor-inner-column elementor-element elementor-element-c5ef9aa col-md-6 col-xl-4 px-0\" data-id=\"c5ef9aa\" data-element_type=\"column\">\n\t\t\t<div class=\"elementor-widget-wrap elementor-element-populated\">\n\t\t\t\t\t\t\t\t<div class=\"elementor-element elementor-element-c3f6aea elementor-invisible elementor-widget elementor-widget-heading\" data-id=\"c3f6aea\" data-element_type=\"widget\" data-settings=\"{&quot;_animation&quot;:&quot;fadeInLeft&quot;,&quot;_animation_delay&quot;:900,&quot;ekit_we_effect_on&quot;:&quot;none&quot;}\" data-widget_type=\"heading.default\">\n\t\t\t\t<div class=\"elementor-widget-container\">\n\t\t\t<h5 class=\"elementor-heading-title elementor-size-default\"><a href=\"https:\/\/novobyte.org\/fr\/service\/trainings\/\">Formations<\/a><\/h5>\t\t<\/div>\n\t\t\t\t<\/div>\n\t\t\t\t\t<\/div>\n\t\t<\/div>\n\t\t\t\t<div class=\"elementor-column elementor-col-10 elementor-inner-column elementor-element elementor-element-4e19fa9 col-md-6 col-xl-4 px-0\" data-id=\"4e19fa9\" data-element_type=\"column\">\n\t\t\t<div class=\"elementor-widget-wrap elementor-element-populated\">\n\t\t\t\t\t\t\t\t<div class=\"elementor-element elementor-element-30c3ad7 elementor-invisible elementor-widget elementor-widget-heading\" data-id=\"30c3ad7\" data-element_type=\"widget\" data-settings=\"{&quot;_animation&quot;:&quot;fadeInLeft&quot;,&quot;_animation_delay&quot;:1000,&quot;ekit_we_effect_on&quot;:&quot;none&quot;}\" data-widget_type=\"heading.default\">\n\t\t\t\t<div class=\"elementor-widget-container\">\n\t\t\t<h5 class=\"elementor-heading-title elementor-size-default\"><a href=\"https:\/\/novobyte.org\/fr\/service\/web-mobile-development\/\">D\u00e9veloppement Web et mobile<\/a><\/h5>\t\t<\/div>\n\t\t\t\t<\/div>\n\t\t\t\t\t<\/div>\n\t\t<\/div>\n\t\t\t\t<div class=\"elementor-column elementor-col-10 elementor-inner-column elementor-element elementor-element-688a5fd col-md-6 col-xl-4 px-0\" data-id=\"688a5fd\" data-element_type=\"column\">\n\t\t\t<div class=\"elementor-widget-wrap elementor-element-populated\">\n\t\t\t\t\t\t\t\t<div class=\"elementor-element elementor-element-857ba46 elementor-invisible elementor-widget elementor-widget-heading\" data-id=\"857ba46\" data-element_type=\"widget\" data-settings=\"{&quot;_animation&quot;:&quot;fadeInLeft&quot;,&quot;_animation_delay&quot;:1000,&quot;ekit_we_effect_on&quot;:&quot;none&quot;}\" data-widget_type=\"heading.default\">\n\t\t\t\t<div class=\"elementor-widget-container\">\n\t\t\t<h5 class=\"elementor-heading-title elementor-size-default\"><a href=\"https:\/\/novobyte.org\/fr\/service\/surveillance-camera-installation-maintenance\/\">Surveillance Camera Installation & Maintenance<\/a><\/h5>\t\t<\/div>\n\t\t\t\t<\/div>\n\t\t\t\t\t<\/div>\n\t\t<\/div>\n\t\t\t\t\t\t<\/div>\r\n\t\t\t\t<\/div>\r\n\t\t\t\t<div class=\"elementor-element elementor-element-76c7cee zigzag center pb-5 elementor-invisible elementor-widget elementor-widget-heading\" data-id=\"76c7cee\" data-element_type=\"widget\" data-settings=\"{&quot;_animation&quot;:&quot;fadeInUp&quot;,&quot;_animation_delay&quot;:200,&quot;ekit_we_effect_on&quot;:&quot;none&quot;}\" data-widget_type=\"heading.default\">\n\t\t\t\t<div class=\"elementor-widget-container\">\n\t\t\t<h2 class=\"elementor-heading-title elementor-size-default\">Nos Clients<\/h2>\t\t<\/div>\n\t\t\t\t<\/div>\n\t\t\t\t<div class=\"elementor-element elementor-element-7be9f6b gallery-spacing-custom col-lg-8 px-0 mx-lg-auto mb-lg-4 elementor-invisible elementor-widget elementor-widget-image-gallery\" data-id=\"7be9f6b\" data-element_type=\"widget\" data-settings=\"{&quot;_animation&quot;:&quot;fadeInLeft&quot;,&quot;_animation_delay&quot;:300,&quot;ekit_we_effect_on&quot;:&quot;none&quot;}\" data-widget_type=\"image-gallery.default\">\n\t\t\t\t<div class=\"elementor-widget-container\">\n\t\t\t\t\t<div class=\"elementor-image-gallery\">\n\t\t\t<div id='gallery-1' class='gallery galleryid-10 gallery-columns-4 gallery-size-full'><figure class='gallery-item'>\n\t\t\t<div class='gallery-icon landscape'>\n\t\t\t\t<img loading=\"lazy\" decoding=\"async\" width=\"300\" height=\"300\" src=\"https:\/\/novobyte.org\/wp-content\/uploads\/2021\/05\/prp-300x300-1.png\" class=\"attachment-full size-full\" alt=\"\" \/>\n\t\t\t<\/div><\/figure><figure class='gallery-item'>\n\t\t\t<div class='gallery-icon landscape'>\n\t\t\t\t<img loading=\"lazy\" decoding=\"async\" width=\"640\" height=\"640\" src=\"https:\/\/novobyte.org\/wp-content\/uploads\/2022\/12\/image_2022-02-07_150157-1.png\" class=\"attachment-full size-full\" alt=\"\" srcset=\"https:\/\/novobyte.org\/wp-content\/uploads\/2022\/12\/image_2022-02-07_150157-1.png 640w, https:\/\/novobyte.org\/wp-content\/uploads\/2022\/12\/image_2022-02-07_150157-1-400x400.png 400w, https:\/\/novobyte.org\/wp-content\/uploads\/2022\/12\/image_2022-02-07_150157-1-560x560.png 560w, https:\/\/novobyte.org\/wp-content\/uploads\/2022\/12\/image_2022-02-07_150157-1-367x367.png 367w\" sizes=\"auto, (max-width: 640px) 100vw, 640px\" \/>\n\t\t\t<\/div><\/figure><figure class='gallery-item'>\n\t\t\t<div class='gallery-icon landscape'>\n\t\t\t\t<img loading=\"lazy\" decoding=\"async\" width=\"580\" height=\"296\" src=\"https:\/\/novobyte.org\/wp-content\/uploads\/2022\/12\/Screen-Shot-2022-12-09-at-4.25.51-PM.png\" class=\"attachment-full size-full\" alt=\"\" srcset=\"https:\/\/novobyte.org\/wp-content\/uploads\/2022\/12\/Screen-Shot-2022-12-09-at-4.25.51-PM.png 580w, https:\/\/novobyte.org\/wp-content\/uploads\/2022\/12\/Screen-Shot-2022-12-09-at-4.25.51-PM-400x204.png 400w, https:\/\/novobyte.org\/wp-content\/uploads\/2022\/12\/Screen-Shot-2022-12-09-at-4.25.51-PM-450x231.png 450w, https:\/\/novobyte.org\/wp-content\/uploads\/2022\/12\/Screen-Shot-2022-12-09-at-4.25.51-PM-367x187.png 367w\" sizes=\"auto, (max-width: 580px) 100vw, 580px\" \/>\n\t\t\t<\/div><\/figure>\n\t\t<\/div>\n\t\t<\/div>\n\t\t\t\t<\/div>\n\t\t\t\t<\/div>\n\t\t\t\t\t<\/div>\n\t\t<\/div>\n\t\t\t\t\t\t<\/div>\r\n\t\t\t\t<\/section>\r\n\t\t\t\t\t\t<\/div>\n\t\t\t\t\t<\/div>","protected":false},"excerpt":{"rendered":"<p>We Collaborate With Brands We build enterprise-grade custom software solutions that enable businesses to unlock innovation and leverage digital transformation. We work from concept to code, and development to deployment making sure cost, time &amp; quality of software development is optimized. &nbsp; We Can Help You With: UI\/UX Design Cloud Computing IT consulting API Development [&hellip;]<\/p>","protected":false},"author":1,"featured_media":0,"parent":0,"menu_order":0,"comment_status":"closed","ping_status":"closed","template":"","meta":{"footnotes":""},"class_list":["post-10","page","type-page","status-publish","hentry"],"yoast_head":"<!-- This site is optimized with the Yoast SEO plugin v16.3 - https:\/\/yoast.com\/wordpress\/plugins\/seo\/ -->\n<title>Our Services - Novobyte<\/title>\n<meta name=\"robots\" content=\"index, follow, max-snippet:-1, max-image-preview:large, max-video-preview:-1\" \/>\n<link rel=\"canonical\" href=\"https:\/\/novobyte.org\/fr\/service\/\" \/>\n<meta property=\"og:locale\" content=\"fr_FR\" \/>\n<meta property=\"og:type\" content=\"article\" \/>\n<meta property=\"og:title\" content=\"Our Services - Novobyte\" \/>\n<meta property=\"og:description\" content=\"We Collaborate With Brands We build enterprise-grade custom software solutions that enable businesses to unlock innovation and leverage digital transformation. We work from concept to code, and development to deployment making sure cost, time &amp; quality of software development is optimized. &nbsp; We Can Help You With: UI\/UX Design Cloud Computing IT consulting API Development [&hellip;]\" \/>\n<meta property=\"og:url\" content=\"https:\/\/novobyte.org\/fr\/service\/\" \/>\n<meta property=\"og:site_name\" content=\"Novobyte\" \/>\n<meta property=\"article:modified_time\" content=\"2025-06-02T12:55:48+00:00\" \/>\n<meta property=\"og:image\" content=\"https:\/\/novobyte.org\/wp-content\/uploads\/2021\/05\/prp-300x300-1.png\" \/>\n<meta name=\"twitter:card\" content=\"summary_large_image\" \/>\n<meta name=\"twitter:label1\" content=\"Dur\u00e9e de lecture est.\">\n\t<meta name=\"twitter:data1\" content=\"1 minute\">\n<script type=\"application\/ld+json\" class=\"yoast-schema-graph\">{\"@context\":\"https:\/\/schema.org\",\"@graph\":[{\"@type\":\"WebSite\",\"@id\":\"https:\/\/novobyte.org\/fr\/#website\",\"url\":\"https:\/\/novobyte.org\/fr\/\",\"name\":\"Novobyte\",\"description\":\"We believe in new technologies\",\"potentialAction\":[{\"@type\":\"SearchAction\",\"target\":\"https:\/\/novobyte.org\/fr\/?s={search_term_string}\",\"query-input\":\"required name=search_term_string\"}],\"inLanguage\":\"fr-FR\"},{\"@type\":\"ImageObject\",\"@id\":\"https:\/\/novobyte.org\/fr\/service\/#primaryimage\",\"inLanguage\":\"fr-FR\",\"url\":\"https:\/\/novobyte.org\/wp-content\/uploads\/2021\/05\/prp-300x300-1.png\",\"contentUrl\":\"https:\/\/novobyte.org\/wp-content\/uploads\/2021\/05\/prp-300x300-1.png\",\"width\":300,\"height\":300},{\"@type\":\"WebPage\",\"@id\":\"https:\/\/novobyte.org\/fr\/service\/#webpage\",\"url\":\"https:\/\/novobyte.org\/fr\/service\/\",\"name\":\"Our Services - Novobyte\",\"isPartOf\":{\"@id\":\"https:\/\/novobyte.org\/fr\/#website\"},\"primaryImageOfPage\":{\"@id\":\"https:\/\/novobyte.org\/fr\/service\/#primaryimage\"},\"datePublished\":\"2020-06-29T08:09:11+00:00\",\"dateModified\":\"2025-06-02T12:55:48+00:00\",\"breadcrumb\":{\"@id\":\"https:\/\/novobyte.org\/fr\/service\/#breadcrumb\"},\"inLanguage\":\"fr-FR\",\"potentialAction\":[{\"@type\":\"ReadAction\",\"target\":[\"https:\/\/novobyte.org\/fr\/service\/\"]}]},{\"@type\":\"BreadcrumbList\",\"@id\":\"https:\/\/novobyte.org\/fr\/service\/#breadcrumb\",\"itemListElement\":[{\"@type\":\"ListItem\",\"position\":1,\"item\":{\"@type\":\"WebPage\",\"@id\":\"https:\/\/novobyte.org\/fr\/\",\"url\":\"https:\/\/novobyte.org\/fr\/\",\"name\":\"Home\"}},{\"@type\":\"ListItem\",\"position\":2,\"item\":{\"@id\":\"https:\/\/novobyte.org\/fr\/service\/#webpage\"}}]}]}<\/script>\n<!-- \/ Yoast SEO plugin. -->","_links":{"self":[{"href":"https:\/\/novobyte.org\/fr\/wp-json\/wp\/v2\/pages\/10","targetHints":{"allow":["GET"]}}],"collection":[{"href":"https:\/\/novobyte.org\/fr\/wp-json\/wp\/v2\/pages"}],"about":[{"href":"https:\/\/novobyte.org\/fr\/wp-json\/wp\/v2\/types\/page"}],"author":[{"embeddable":true,"href":"https:\/\/novobyte.org\/fr\/wp-json\/wp\/v2\/users\/1"}],"replies":[{"embeddable":true,"href":"https:\/\/novobyte.org\/fr\/wp-json\/wp\/v2\/comments?post=10"}],"version-history":[{"count":22,"href":"https:\/\/novobyte.org\/fr\/wp-json\/wp\/v2\/pages\/10\/revisions"}],"predecessor-version":[{"id":1716,"href":"https:\/\/novobyte.org\/fr\/wp-json\/wp\/v2\/pages\/10\/revisions\/1716"}],"wp:attachment":[{"href":"https:\/\/novobyte.org\/fr\/wp-json\/wp\/v2\/media?parent=10"}],"curies":[{"name":"wp","href":"https:\/\/api.w.org\/{rel}","templated":true}]}}